{"id":495,"date":"2024-02-21T20:32:32","date_gmt":"2024-02-21T19:32:32","guid":{"rendered":"https:\/\/www.letsgocompany.com\/?page_id=495"},"modified":"2024-03-14T10:47:19","modified_gmt":"2024-03-14T09:47:19","slug":"noche","status":"publish","type":"page","link":"https:\/\/www.letsgocompany.com\/es\/noche\/","title":{"rendered":"Noche"},"content":{"rendered":"<p>[et_pb_section fb_built=\u00bb1&#8243; admin_label=\u00bbWebm Video Code\u00bb _builder_version=\u00bb4.24.2&#8243; _module_preset=\u00bbdefault\u00bb background_color=\u00bb#1a2023&#8243; custom_css_free_form=\u00bbselector,selector *{margin:0 !important;padding:0 !important;width:100%;max-width:100%;height:auto;}\u00bb locked=\u00bboff\u00bb collapsed=\u00bboff\u00bb global_colors_info=\u00bb{}\u00bb][et_pb_row _builder_version=\u00bb4.24.2&#8243; _module_preset=\u00bbdefault\u00bb global_colors_info=\u00bb{}\u00bb][et_pb_column type=\u00bb4_4&#8243; _builder_version=\u00bb4.24.2&#8243; _module_preset=\u00bbdefault\u00bb global_colors_info=\u00bb{}\u00bb][et_pb_code raw_content_tablet=\u00bb<video controls loop playsinline autoplay muted controlslist=%22nodownload%22 ><source type=%22video\/webm%22 src=%22https:\/\/www.letsgocompany.com\/wp-content\/uploads\/2024\/03\/letsgo_noche_v2-1080x1080-a.webm%22><source type=%22video\/mp4%22 src=%22https:\/\/www.letsgocompany.com\/wp-content\/uploads\/2024\/03\/letsgo_noche_v3-1080x1080-1.mp4%22><\/video>\u00bb raw_content_phone=\u00bb<video controls loop playsinline autoplay muted controlslist=%22nodownload%22 ><source type=%22video\/webm%22 src=%22https:\/\/www.letsgocompany.com\/wp-content\/uploads\/2024\/03\/letsgo_noche_v2-1080x1080-a.webm%22><source type=%22video\/mp4%22 src=%22https:\/\/www.letsgocompany.com\/wp-content\/uploads\/2024\/03\/letsgo_noche_v3-1080x1080-1.mp4%22><\/video>\u00bb raw_content_last_edited=\u00bbon|tablet\u00bb _builder_version=\u00bb4.24.2&#8243; _module_preset=\u00bbdefault\u00bb global_colors_info=\u00bb{}\u00bb]<video controls loop playsinline autoplay muted controlslist=\"nodownload\" ><!-- [et_pb_line_break_holder] --><source type=\"video\/webm\" src=\"https:\/\/www.letsgocompany.com\/wp-content\/uploads\/2024\/03\/letsgo_noche_v2-1440x460-a.webm\"><!-- [et_pb_line_break_holder] --><source type=\"video\/mp4\" src=\"https:\/\/www.letsgocompany.com\/wp-content\/uploads\/2024\/03\/letsgo_noche_v3-1440x460-2.mp4\"><!-- [et_pb_line_break_holder] --><\/video><!-- [et_pb_line_break_holder] -->[\/et_pb_code][\/et_pb_column][\/et_pb_row][\/et_pb_section][et_pb_section fb_built=\u00bb1&#8243; _builder_version=\u00bb4.24.2&#8243; _module_preset=\u00bbdefault\u00bb background_color=\u00bb#1A2023&#8243; collapsed=\u00bboff\u00bb global_colors_info=\u00bb{}\u00bb][et_pb_row _builder_version=\u00bb4.24.2&#8243; _module_preset=\u00bbdefault\u00bb global_colors_info=\u00bb{}\u00bb][et_pb_column type=\u00bb4_4&#8243; _builder_version=\u00bb4.24.2&#8243; _module_preset=\u00bbdefault\u00bb global_colors_info=\u00bb{}\u00bb][et_pb_post_title meta=\u00bboff\u00bb featured_image=\u00bboff\u00bb _builder_version=\u00bb4.24.2&#8243; _module_preset=\u00bbdefault\u00bb title_font=\u00bb|700|||||||\u00bb title_font_size=\u00bb40px\u00bb global_colors_info=\u00bb{}\u00bb][\/et_pb_post_title][et_pb_text _builder_version=\u00bb4.24.2&#8243; _module_preset=\u00bbdefault\u00bb text_font=\u00bb|300|||||||\u00bb text_orientation_tablet=\u00bb\u00bb text_orientation_phone=\u00bbcenter\u00bb text_orientation_last_edited=\u00bbon|phone\u00bb global_colors_info=\u00bb{}\u00bb]<\/p>\n<p>Somos pioneros con un concepto disruptivo que redefine el entretenimiento nocturno. Con una propuesta innovadora y experiencias \u00fanicas, creamos ambientes vibrantes y memorables que van m\u00e1s all\u00e1 de lo convencional, ofreciendo a nuestros clientes una experiencia nocturna incomparable.<\/p>\n<p>[\/et_pb_text][\/et_pb_column][\/et_pb_row][et_pb_row _builder_version=\u00bb4.24.2&#8243; _module_preset=\u00bbdefault\u00bb background_enable_color=\u00bboff\u00bb global_colors_info=\u00bb{}\u00bb][et_pb_column type=\u00bb4_4&#8243; _builder_version=\u00bb4.24.1&#8243; _module_preset=\u00bbdefault\u00bb global_colors_info=\u00bb{}\u00bb][et_pb_de_mach_archive_loop post_type_choose=\u00bbevento\u00bb loop_layout=\u00bb352&#8243; filter_update_animation=\u00bbload-4&#8243; no_posts_layout=\u00bb292&#8243; include_current_terms=\u00bbon\u00bb related_content_categories=\u00bbpost_cats\u00bb custom_tax_choose=\u00bbcategoria-de-evento\u00bb include_taxomony=\u00bbnoche\u00bb enable_loadmore=\u00bbinfinite\u00bb show_in_section=\u00bbon\u00bb content_section_layout=\u00bb293&#8243; columns=\u00bb3&#8243; _builder_version=\u00bb4.24.2&#8243; _module_preset=\u00bbdefault\u00bb global_colors_info=\u00bb{}\u00bb][\/et_pb_de_mach_archive_loop][\/et_pb_column][\/et_pb_row][\/et_pb_section][et_pb_section fb_built=\u00bb1&#8243; admin_label=\u00bbCaso de \u00e9xito &#8211; Medias Puri\u00bb module_id=\u00bbsuccess_case\u00bb _builder_version=\u00bb4.24.2&#8243; _module_preset=\u00bbdefault\u00bb background_color=\u00bb#1a2023&#8243; custom_padding=\u00bb||||false|false\u00bb locked=\u00bboff\u00bb collapsed=\u00bboff\u00bb global_colors_info=\u00bb{}\u00bb][et_pb_row _builder_version=\u00bb4.24.1&#8243; _module_preset=\u00bbdefault\u00bb custom_padding=\u00bb0px||0px||true|false\u00bb global_colors_info=\u00bb{}\u00bb][et_pb_column type=\u00bb4_4&#8243; _builder_version=\u00bb4.24.1&#8243; _module_preset=\u00bbdefault\u00bb global_colors_info=\u00bb{}\u00bb][et_pb_text admin_label=\u00bbT\u00edtulo\u00bb _builder_version=\u00bb4.24.1&#8243; _module_preset=\u00bbdefault\u00bb text_text_color=\u00bb#fffefe\u00bb header_3_font=\u00bb|700|||||||\u00bb header_3_font_size=\u00bb64px\u00bb header_3_font_size_tablet=\u00bb40px\u00bb header_3_font_size_phone=\u00bb24px\u00bb header_3_font_size_last_edited=\u00bbon|phone\u00bb border_width_bottom=\u00bb1px\u00bb border_color_bottom=\u00bb#FFFFFF\u00bb global_colors_info=\u00bb{}\u00bb]<\/p>\n<h3>Caso de \u00e9xito<\/h3>\n<p>[\/et_pb_text][et_pb_text _builder_version=\u00bb4.24.2&#8243; _module_preset=\u00bbdefault\u00bb text_font=\u00bb|300|||||||\u00bb header_2_font=\u00bb|700|||||||\u00bb header_2_font_size=\u00bb30px\u00bb custom_css_free_form=\u00bbselector p{display:flex;align-items:center;}||selector img{max-width:50px;margin-left:10px;}\u00bb global_colors_info=\u00bb{}\u00bb]<\/p>\n<h2>Medias Puri<\/h2>\n<p>El caso de Medias Puri, premio Efikacia 2018. <img loading=\"lazy\" decoding=\"async\" width=\"531\" height=\"530\" src=\"https:\/\/www.letsgocompany.com\/wp-content\/uploads\/2024\/02\/premio-eficacia-18.webp\" alt=\"\" class=\"size-medium alignnone\" \/><\/p>\n<p>[\/et_pb_text][\/et_pb_column][\/et_pb_row][et_pb_row _builder_version=\u00bb4.24.2&#8243; _module_preset=\u00bbdefault\u00bb width=\u00bb100%\u00bb max_width=\u00bb3000px\u00bb module_alignment=\u00bbcenter\u00bb global_colors_info=\u00bb{}\u00bb][et_pb_column type=\u00bb4_4&#8243; _builder_version=\u00bb4.24.2&#8243; _module_preset=\u00bbdefault\u00bb global_colors_info=\u00bb{}\u00bb][et_pb_video src_webm=\u00bbhttps:\/\/www.letsgocompany.com\/wp-content\/uploads\/2024\/03\/casoexito-mediaspuri_v2-es.webm\u00bb src_webm_tablet=\u00bbhttps:\/\/www.letsgocompany.com\/wp-content\/uploads\/2024\/03\/casoexito-mediaspuri_v2-es-1080&#215;1080-1.webm\u00bb src_webm_phone=\u00bbhttps:\/\/www.letsgocompany.com\/wp-content\/uploads\/2024\/03\/casoexito-mediaspuri_v2-es-1080&#215;1080-1.webm\u00bb src_webm_last_edited=\u00bboff|phone\u00bb _builder_version=\u00bb4.24.2&#8243; _module_preset=\u00bbdefault\u00bb hover_enabled=\u00bb0&#8243; global_colors_info=\u00bb{}\u00bb sticky_enabled=\u00bb0&#8243; title_text=\u00bbcasoexito-mediaspuri_v3-es\u00bb src=\u00bbhttps:\/\/www.letsgocompany.com\/wp-content\/uploads\/2024\/03\/casoexito-mediaspuri_v3-es.mp4&#8243;][\/et_pb_video][\/et_pb_column][\/et_pb_row][\/et_pb_section][et_pb_section fb_built=\u00bb1&#8243; disabled_on=\u00bboff|off|off\u00bb admin_label=\u00bbCaso de \u00e9xito &#8211; U\u00f1as Chung Lee\u00bb module_id=\u00bbsuccess_case2&#8243; _builder_version=\u00bb4.24.2&#8243; _module_preset=\u00bbdefault\u00bb background_color=\u00bb#1a2023&#8243; custom_padding=\u00bb0px||0px||true|false\u00bb locked=\u00bboff\u00bb collapsed=\u00bboff\u00bb global_colors_info=\u00bb{}\u00bb][et_pb_row _builder_version=\u00bb4.24.1&#8243; _module_preset=\u00bbdefault\u00bb custom_padding=\u00bb0px||0px||true|false\u00bb global_colors_info=\u00bb{}\u00bb][et_pb_column type=\u00bb4_4&#8243; _builder_version=\u00bb4.24.1&#8243; _module_preset=\u00bbdefault\u00bb global_colors_info=\u00bb{}\u00bb][et_pb_text _builder_version=\u00bb4.24.2&#8243; _module_preset=\u00bbdefault\u00bb text_font=\u00bb|300|||||||\u00bb header_2_font=\u00bb|700|||||||\u00bb header_2_font_size=\u00bb30px\u00bb custom_css_free_form=\u00bbselector p{display:flex;align-items:center;}||selector img{max-width:50px;margin-left:10px;}\u00bb global_colors_info=\u00bb{}\u00bb]<\/p>\n<h2>U\u00f1as Chung Lee<\/h2>\n<p>[\/et_pb_text][\/et_pb_column][\/et_pb_row][et_pb_row _builder_version=\u00bb4.24.2&#8243; _module_preset=\u00bbdefault\u00bb width=\u00bb100%\u00bb max_width=\u00bb3000px\u00bb module_alignment=\u00bbcenter\u00bb global_colors_info=\u00bb{}\u00bb][et_pb_column type=\u00bb4_4&#8243; _builder_version=\u00bb4.24.2&#8243; _module_preset=\u00bbdefault\u00bb global_colors_info=\u00bb{}\u00bb][et_pb_video src_webm=\u00bbhttps:\/\/www.letsgocompany.com\/wp-content\/uploads\/2024\/03\/casoexito-unaschunglee_v2-es.webm\u00bb src_webm_tablet=\u00bbhttps:\/\/www.letsgocompany.com\/wp-content\/uploads\/2024\/03\/casoexito_letsgo_1080x1080-eng.webm\u00bb src_webm_phone=\u00bbhttps:\/\/www.letsgocompany.com\/wp-content\/uploads\/2024\/03\/casoexito_letsgo_1080x1080-eng.webm\u00bb src_webm_last_edited=\u00bboff|desktop\u00bb _builder_version=\u00bb4.24.2&#8243; _module_preset=\u00bbdefault\u00bb hover_enabled=\u00bb0&#8243; global_colors_info=\u00bb{}\u00bb title_text=\u00bbcasoexito-unaschunglee_v3-es\u00bb src=\u00bbhttps:\/\/www.letsgocompany.com\/wp-content\/uploads\/2024\/03\/casoexito-unaschunglee_v3-es.mp4&#8243; sticky_enabled=\u00bb0&#8243;][\/et_pb_video][\/et_pb_column][\/et_pb_row][\/et_pb_section][et_pb_section fb_built=\u00bb1&#8243; admin_label=\u00bbBloque Audiciones\u00bb _builder_version=\u00bb4.24.2&#8243; _module_preset=\u00bbdefault\u00bb background_color=\u00bb#1A2023&#8243; global_module=\u00bb486&#8243; saved_tabs=\u00bball\u00bb collapsed=\u00bboff\u00bb global_colors_info=\u00bb{}\u00bb][et_pb_row _builder_version=\u00bb4.24.2&#8243; _module_preset=\u00bbdefault\u00bb global_colors_info=\u00bb{}\u00bb][et_pb_column type=\u00bb4_4&#8243; _builder_version=\u00bb4.24.2&#8243; _module_preset=\u00bbdefault\u00bb global_colors_info=\u00bb{}\u00bb][et_pb_heading title=\u00bbAudiciones\u00bb _builder_version=\u00bb4.24.2&#8243; _module_preset=\u00bbdefault\u00bb title_level=\u00bbh2&#8243; title_font=\u00bb|700|||||||\u00bb title_font_size=\u00bb40px\u00bb global_colors_info=\u00bb{}\u00bb][\/et_pb_heading][et_pb_text _builder_version=\u00bb4.24.2&#8243; _module_preset=\u00bbdefault\u00bb text_font=\u00bb|300|||||||\u00bb custom_css_free_form=\u00bbselector span{color:#f2cf73}\u00bb global_colors_info=\u00bb{}\u00bb]Si quieres ser parte de nuestros elenco de artistas, env\u00eda tu C.V. aqu\u00ed y s\u00fabete a las tablas de las producciones que est\u00e1n desafiando el concepto tradicional de entretenimiento.<\/p>\n<p><span>\u00bfQuieres formar parte de nuestro equipo?<\/span>[\/et_pb_text][et_pb_button button_url=\u00bb@ET-DC@eyJkeW5hbWljIjp0cnVlLCJjb250ZW50IjoicG9zdF9saW5rX3VybF9wYWdlIiwic2V0dGluZ3MiOnsicG9zdF9pZCI6IjQ4NCJ9fQ==@\u00bb button_text=\u00bbVer convocatorias\u00bb button_alignment=\u00bbleft\u00bb _builder_version=\u00bb4.24.2&#8243; _dynamic_attributes=\u00bbbutton_url\u00bb _module_preset=\u00bbdefault\u00bb global_colors_info=\u00bb{}\u00bb][\/et_pb_button][\/et_pb_column][\/et_pb_row][\/et_pb_section]<\/p>\n","protected":false},"excerpt":{"rendered":"<p>Somos pioneros con un concepto disruptivo que redefine el entretenimiento nocturno. Con una propuesta innovadora y experiencias \u00fanicas, creamos ambientes vibrantes y memorables que van m\u00e1s all\u00e1 de lo convencional, ofreciendo a nuestros clientes una experiencia nocturna incomparable.Caso de \u00e9xitoMedias Puri El caso de Medias Puri, premio Efikacia 2018. U\u00f1as Chung LeeSi quieres ser parte [&hellip;]<\/p>\n","protected":false},"author":10,"featured_media":0,"parent":0,"menu_order":0,"comment_status":"closed","ping_status":"closed","template":"","meta":{"_acf_changed":false,"_et_pb_use_builder":"on","_et_pb_old_content":"","_et_gb_content_width":"","footnotes":""},"class_list":["post-495","page","type-page","status-publish","hentry"],"acf":[],"yoast_head":"<!-- This site is optimized with the Yoast SEO plugin v27.0 - https:\/\/yoast.com\/product\/yoast-seo-wordpress\/ -->\n<title>Noche - LetsGo<\/title>\n<meta name=\"robots\" content=\"index, follow, max-snippet:-1, max-image-preview:large, max-video-preview:-1\" \/>\n<link rel=\"canonical\" href=\"https:\/\/www.letsgocompany.com\/es\/noche\/\" \/>\n<meta property=\"og:locale\" content=\"es_ES\" \/>\n<meta property=\"og:type\" content=\"article\" \/>\n<meta property=\"og:title\" content=\"Noche - LetsGo\" \/>\n<meta property=\"og:description\" content=\"Somos pioneros con un concepto disruptivo que redefine el entretenimiento nocturno. Con una propuesta innovadora y experiencias \u00fanicas, creamos ambientes vibrantes y memorables que van m\u00e1s all\u00e1 de lo convencional, ofreciendo a nuestros clientes una experiencia nocturna incomparable.Caso de \u00e9xitoMedias Puri El caso de Medias Puri, premio Efikacia 2018. U\u00f1as Chung LeeSi quieres ser parte [&hellip;]\" \/>\n<meta property=\"og:site_name\" content=\"LetsGo\" \/>\n<meta property=\"article:modified_time\" content=\"2024-03-14T09:47:19+00:00\" \/>\n<meta property=\"og:image\" content=\"https:\/\/www.letsgocompany.com\/wp-content\/uploads\/2024\/02\/premio-eficacia-18.webp\" \/>\n<meta name=\"twitter:card\" content=\"summary_large_image\" \/>\n<meta name=\"twitter:label1\" content=\"Tiempo de lectura\" \/>\n\t<meta name=\"twitter:data1\" content=\"1 minuto\" \/>\n<script type=\"application\/ld+json\" class=\"yoast-schema-graph\">{\"@context\":\"https:\/\/schema.org\",\"@graph\":[{\"@type\":\"WebPage\",\"@id\":\"https:\/\/www.letsgocompany.com\/es\/noche\/\",\"url\":\"https:\/\/www.letsgocompany.com\/es\/noche\/\",\"name\":\"Noche - LetsGo\",\"isPartOf\":{\"@id\":\"https:\/\/www.letsgocompany.com\/es\/#website\"},\"primaryImageOfPage\":{\"@id\":\"https:\/\/www.letsgocompany.com\/es\/noche\/#primaryimage\"},\"image\":{\"@id\":\"https:\/\/www.letsgocompany.com\/es\/noche\/#primaryimage\"},\"thumbnailUrl\":\"https:\/\/www.letsgocompany.com\/wp-content\/uploads\/2024\/02\/premio-eficacia-18.webp\",\"datePublished\":\"2024-02-21T19:32:32+00:00\",\"dateModified\":\"2024-03-14T09:47:19+00:00\",\"breadcrumb\":{\"@id\":\"https:\/\/www.letsgocompany.com\/es\/noche\/#breadcrumb\"},\"inLanguage\":\"es\",\"potentialAction\":[{\"@type\":\"ReadAction\",\"target\":[\"https:\/\/www.letsgocompany.com\/es\/noche\/\"]}]},{\"@type\":\"ImageObject\",\"inLanguage\":\"es\",\"@id\":\"https:\/\/www.letsgocompany.com\/es\/noche\/#primaryimage\",\"url\":\"https:\/\/www.letsgocompany.com\/wp-content\/uploads\/2024\/02\/premio-eficacia-18.webp\",\"contentUrl\":\"https:\/\/www.letsgocompany.com\/wp-content\/uploads\/2024\/02\/premio-eficacia-18.webp\"},{\"@type\":\"BreadcrumbList\",\"@id\":\"https:\/\/www.letsgocompany.com\/es\/noche\/#breadcrumb\",\"itemListElement\":[{\"@type\":\"ListItem\",\"position\":1,\"name\":\"Portada\",\"item\":\"https:\/\/www.letsgocompany.com\/es\/\"},{\"@type\":\"ListItem\",\"position\":2,\"name\":\"Noche\"}]},{\"@type\":\"WebSite\",\"@id\":\"https:\/\/www.letsgocompany.com\/es\/#website\",\"url\":\"https:\/\/www.letsgocompany.com\/es\/\",\"name\":\"LetsGo\",\"description\":\"\",\"potentialAction\":[{\"@type\":\"SearchAction\",\"target\":{\"@type\":\"EntryPoint\",\"urlTemplate\":\"https:\/\/www.letsgocompany.com\/es\/?s={search_term_string}\"},\"query-input\":{\"@type\":\"PropertyValueSpecification\",\"valueRequired\":true,\"valueName\":\"search_term_string\"}}],\"inLanguage\":\"es\"}]}<\/script>\n<!-- \/ Yoast SEO plugin. -->","yoast_head_json":{"title":"Noche - LetsGo","robots":{"index":"index","follow":"follow","max-snippet":"max-snippet:-1","max-image-preview":"max-image-preview:large","max-video-preview":"max-video-preview:-1"},"canonical":"https:\/\/www.letsgocompany.com\/es\/noche\/","og_locale":"es_ES","og_type":"article","og_title":"Noche - LetsGo","og_description":"Somos pioneros con un concepto disruptivo que redefine el entretenimiento nocturno. Con una propuesta innovadora y experiencias \u00fanicas, creamos ambientes vibrantes y memorables que van m\u00e1s all\u00e1 de lo convencional, ofreciendo a nuestros clientes una experiencia nocturna incomparable.Caso de \u00e9xitoMedias Puri El caso de Medias Puri, premio Efikacia 2018. U\u00f1as Chung LeeSi quieres ser parte [&hellip;]","og_site_name":"LetsGo","article_modified_time":"2024-03-14T09:47:19+00:00","og_image":[{"url":"https:\/\/www.letsgocompany.com\/wp-content\/uploads\/2024\/02\/premio-eficacia-18.webp","type":"","width":"","height":""}],"twitter_card":"summary_large_image","twitter_misc":{"Tiempo de lectura":"1 minuto"},"schema":{"@context":"https:\/\/schema.org","@graph":[{"@type":"WebPage","@id":"https:\/\/www.letsgocompany.com\/es\/noche\/","url":"https:\/\/www.letsgocompany.com\/es\/noche\/","name":"Noche - LetsGo","isPartOf":{"@id":"https:\/\/www.letsgocompany.com\/es\/#website"},"primaryImageOfPage":{"@id":"https:\/\/www.letsgocompany.com\/es\/noche\/#primaryimage"},"image":{"@id":"https:\/\/www.letsgocompany.com\/es\/noche\/#primaryimage"},"thumbnailUrl":"https:\/\/www.letsgocompany.com\/wp-content\/uploads\/2024\/02\/premio-eficacia-18.webp","datePublished":"2024-02-21T19:32:32+00:00","dateModified":"2024-03-14T09:47:19+00:00","breadcrumb":{"@id":"https:\/\/www.letsgocompany.com\/es\/noche\/#breadcrumb"},"inLanguage":"es","potentialAction":[{"@type":"ReadAction","target":["https:\/\/www.letsgocompany.com\/es\/noche\/"]}]},{"@type":"ImageObject","inLanguage":"es","@id":"https:\/\/www.letsgocompany.com\/es\/noche\/#primaryimage","url":"https:\/\/www.letsgocompany.com\/wp-content\/uploads\/2024\/02\/premio-eficacia-18.webp","contentUrl":"https:\/\/www.letsgocompany.com\/wp-content\/uploads\/2024\/02\/premio-eficacia-18.webp"},{"@type":"BreadcrumbList","@id":"https:\/\/www.letsgocompany.com\/es\/noche\/#breadcrumb","itemListElement":[{"@type":"ListItem","position":1,"name":"Portada","item":"https:\/\/www.letsgocompany.com\/es\/"},{"@type":"ListItem","position":2,"name":"Noche"}]},{"@type":"WebSite","@id":"https:\/\/www.letsgocompany.com\/es\/#website","url":"https:\/\/www.letsgocompany.com\/es\/","name":"LetsGo","description":"","potentialAction":[{"@type":"SearchAction","target":{"@type":"EntryPoint","urlTemplate":"https:\/\/www.letsgocompany.com\/es\/?s={search_term_string}"},"query-input":{"@type":"PropertyValueSpecification","valueRequired":true,"valueName":"search_term_string"}}],"inLanguage":"es"}]}},"_links":{"self":[{"href":"https:\/\/www.letsgocompany.com\/es\/wp-json\/wp\/v2\/pages\/495","targetHints":{"allow":["GET"]}}],"collection":[{"href":"https:\/\/www.letsgocompany.com\/es\/wp-json\/wp\/v2\/pages"}],"about":[{"href":"https:\/\/www.letsgocompany.com\/es\/wp-json\/wp\/v2\/types\/page"}],"author":[{"embeddable":true,"href":"https:\/\/www.letsgocompany.com\/es\/wp-json\/wp\/v2\/users\/10"}],"replies":[{"embeddable":true,"href":"https:\/\/www.letsgocompany.com\/es\/wp-json\/wp\/v2\/comments?post=495"}],"version-history":[{"count":0,"href":"https:\/\/www.letsgocompany.com\/es\/wp-json\/wp\/v2\/pages\/495\/revisions"}],"wp:attachment":[{"href":"https:\/\/www.letsgocompany.com\/es\/wp-json\/wp\/v2\/media?parent=495"}],"curies":[{"name":"wp","href":"https:\/\/api.w.org\/{rel}","templated":true}]}}