{"id":3063,"date":"2024-09-04T10:25:34","date_gmt":"2024-09-04T08:25:34","guid":{"rendered":"https:\/\/www.letsgocompany.com\/?page_id=3063"},"modified":"2024-09-04T11:56:19","modified_gmt":"2024-09-04T09:56:19","slug":"proveedores","status":"publish","type":"page","link":"https:\/\/www.letsgocompany.com\/es\/proveedores\/","title":{"rendered":"Proveedores"},"content":{"rendered":"<p>[et_pb_section fb_built=\u00bb1&#8243; _builder_version=\u00bb4.25.1&#8243; _module_preset=\u00bbdefault\u00bb background_color=\u00bb#1A2023&#8243; da_disable_devices=\u00bboff|off|off\u00bb global_colors_info=\u00bb{}\u00bb da_is_popup=\u00bboff\u00bb da_exit_intent=\u00bboff\u00bb da_has_close=\u00bbon\u00bb da_alt_close=\u00bboff\u00bb da_dark_close=\u00bboff\u00bb da_not_modal=\u00bbon\u00bb da_is_singular=\u00bboff\u00bb da_with_loader=\u00bboff\u00bb da_has_shadow=\u00bbon\u00bb][et_pb_row column_structure=\u00bb1_2,1_2&#8243; _builder_version=\u00bb4.25.1&#8243; _module_preset=\u00bbdefault\u00bb global_colors_info=\u00bb{}\u00bb][et_pb_column type=\u00bb1_2&#8243; _builder_version=\u00bb4.25.1&#8243; _module_preset=\u00bbdefault\u00bb global_colors_info=\u00bb{}\u00bb][et_pb_text _builder_version=\u00bb4.25.1&#8243; _module_preset=\u00bbdefault\u00bb text_text_color=\u00bb#FFFFFF\u00bb text_font_size=\u00bb20px\u00bb link_text_color=\u00bb#F2CF73&#8243; text_orientation=\u00bbcenter\u00bb background_layout=\u00bbdark\u00bb global_colors_info=\u00bb{}\u00bb]<\/p>\n<p>Si eres proveedor de <br \/><strong>Letsgo Entertainment, S.L.<\/strong> <br \/>pincha <a href=\"mailto:tesoreria@letsgocompany.com\" target=\"_blank\" rel=\"noopener\">aqu\u00ed<\/a><\/p>\n<p>[\/et_pb_text][et_pb_button button_url=\u00bbmailto:tesoreria@letsgocompany.com\u00bb url_new_window=\u00bbon\u00bb button_text=\u00bbLETSGO ENTERTAINMENT\u00bb button_alignment=\u00bbcenter\u00bb _builder_version=\u00bb4.25.1&#8243; _module_preset=\u00bbdefault\u00bb custom_button=\u00bbon\u00bb button_text_color=\u00bb#1A2023&#8243; button_bg_color=\u00bb#F2CF73&#8243; button_border_width=\u00bb0px\u00bb button_border_color=\u00bbRGBA(255,255,255,0)\u00bb button_font=\u00bb|700|||||||\u00bb custom_padding=\u00bb10px|10px|10px|10px|true|true\u00bb global_colors_info=\u00bb{}\u00bb][\/et_pb_button][\/et_pb_column][et_pb_column type=\u00bb1_2&#8243; _builder_version=\u00bb4.25.1&#8243; _module_preset=\u00bbdefault\u00bb global_colors_info=\u00bb{}\u00bb][et_pb_text _builder_version=\u00bb4.25.1&#8243; _module_preset=\u00bbdefault\u00bb text_text_color=\u00bb#FFFFFF\u00bb text_font_size=\u00bb20px\u00bb link_text_color=\u00bb#F2CF73&#8243; text_orientation=\u00bbcenter\u00bb background_layout=\u00bbdark\u00bb hover_enabled=\u00bb0&#8243; global_colors_info=\u00bb{}\u00bb sticky_enabled=\u00bb0&#8243;]<\/p>\n<p>Si eres proveedor de<br \/><strong>Naturaleza Encendida, S.L.<\/strong><br \/>pincha <a href=\"#naturaleza-encendida-popup\" target=\"_blank\" rel=\"noopener\">aqu\u00ed<\/a><\/p>\n<p>[\/et_pb_text][et_pb_button button_url=\u00bb#naturaleza-encendida-popup\u00bb url_new_window=\u00bbon\u00bb button_text=\u00bbNATURALEZA ENCENDIDA\u00bb button_alignment=\u00bbcenter\u00bb _builder_version=\u00bb4.25.1&#8243; _module_preset=\u00bbdefault\u00bb custom_button=\u00bbon\u00bb button_text_color=\u00bb#1A2023&#8243; button_bg_color=\u00bb#F2CF73&#8243; button_border_width=\u00bb0px\u00bb button_border_color=\u00bbRGBA(255,255,255,0)\u00bb button_font=\u00bb|700|||||||\u00bb custom_padding=\u00bb10px|10px|10px|10px|true|true\u00bb global_colors_info=\u00bb{}\u00bb][\/et_pb_button][\/et_pb_column][\/et_pb_row][\/et_pb_section][et_pb_section fb_built=\u00bb1&#8243; admin_label=\u00bbPopup &#8211; #naturaleza-encendida-popup\u00bb module_id=\u00bbnaturaleza-encendida-popup\u00bb module_class=\u00bbpopup\u00bb _builder_version=\u00bb4.25.1&#8243; _module_preset=\u00bbdefault\u00bb background_color=\u00bb#000000&#8243; da_is_popup=\u00bbon\u00bb da_popup_slug=\u00bbnaturaleza-encendida-popup\u00bb da_disable_devices=\u00bboff|off|off\u00bb global_colors_info=\u00bb{}\u00bb da_exit_intent=\u00bboff\u00bb da_has_close=\u00bbon\u00bb da_alt_close=\u00bboff\u00bb da_dark_close=\u00bboff\u00bb da_not_modal=\u00bbon\u00bb da_is_singular=\u00bboff\u00bb da_with_loader=\u00bboff\u00bb da_has_shadow=\u00bbon\u00bb][et_pb_row _builder_version=\u00bb4.25.1&#8243; _module_preset=\u00bbdefault\u00bb global_colors_info=\u00bb{}\u00bb][et_pb_column type=\u00bb4_4&#8243; _builder_version=\u00bb4.25.1&#8243; _module_preset=\u00bbdefault\u00bb global_colors_info=\u00bb{}\u00bb][et_pb_text _builder_version=\u00bb4.25.1&#8243; _module_preset=\u00bbdefault\u00bb link_text_color=\u00bb#F2CF73&#8243; hover_enabled=\u00bb0&#8243; global_colors_info=\u00bb{}\u00bb sticky_enabled=\u00bb0&#8243;]<\/p>\n<p>Informamos a los acreedores de NATURALEZA ENCENDIDA S.L. a efectos del ejercicio del derecho de voto, que NATURALEZA ENCENDIDA S.L. ha firmado un plan de reestructuraci\u00f3n ante notario el jueves d\u00eda 27 de junio de 2024, en la notar\u00eda de Madrid de Don Javier de Lucas y Cadenas, en calle Miguel Angel 13, 2\u00ba, de Madrid, Espa\u00f1a, n\u00famero de protocolo 3.369, y tel\u00e9fono <a href=\"tel:+34913084611\"><strong>91 308 46 11<\/strong><\/a>.<\/p>\n<p>Los acreedores que acrediten legitimaci\u00f3n podr\u00e1n examinar el contenido del plan tanto en el domicilio social como en la Notar\u00eda.<\/p>\n<p><strong>Si deseas contactar con Naturaleza Encendida S.L., pincha <a href=\"mailto:tesoreria@naturalezaencendida.com\" target=\"_blank\" rel=\"noopener\">aqu\u00ed<\/a>.<\/strong><\/p>\n<p>[\/et_pb_text][\/et_pb_column][\/et_pb_row][\/et_pb_section]<\/p>\n","protected":false},"excerpt":{"rendered":"<p>Si eres proveedor de Letsgo Entertainment, S.L. pincha aqu\u00edSi eres proveedor deNaturaleza Encendida, S.L.pincha aqu\u00edInformamos a los acreedores de NATURALEZA ENCENDIDA S.L. a efectos del ejercicio del derecho de voto, que NATURALEZA ENCENDIDA S.L. ha firmado un plan de reestructuraci\u00f3n ante notario el jueves d\u00eda 27 de junio de 2024, en la notar\u00eda de Madrid [&hellip;]<\/p>\n","protected":false},"author":10,"featured_media":0,"parent":0,"menu_order":0,"comment_status":"closed","ping_status":"closed","template":"","meta":{"_acf_changed":false,"_et_pb_use_builder":"on","_et_pb_old_content":"","_et_gb_content_width":"","footnotes":""},"class_list":["post-3063","page","type-page","status-publish","hentry"],"acf":[],"yoast_head":"<!-- This site is optimized with the Yoast SEO plugin v27.0 - https:\/\/yoast.com\/product\/yoast-seo-wordpress\/ -->\n<title>Proveedores - LetsGo<\/title>\n<meta name=\"robots\" content=\"index, follow, max-snippet:-1, max-image-preview:large, max-video-preview:-1\" \/>\n<link rel=\"canonical\" href=\"https:\/\/www.letsgocompany.com\/es\/proveedores\/\" \/>\n<meta property=\"og:locale\" content=\"es_ES\" \/>\n<meta property=\"og:type\" content=\"article\" \/>\n<meta property=\"og:title\" content=\"Proveedores - LetsGo\" \/>\n<meta property=\"og:description\" content=\"Si eres proveedor de Letsgo Entertainment, S.L. pincha aqu\u00edSi eres proveedor deNaturaleza Encendida, S.L.pincha aqu\u00edInformamos a los acreedores de NATURALEZA ENCENDIDA S.L. a efectos del ejercicio del derecho de voto, que NATURALEZA ENCENDIDA S.L. ha firmado un plan de reestructuraci\u00f3n ante notario el jueves d\u00eda 27 de junio de 2024, en la notar\u00eda de Madrid [&hellip;]\" \/>\n<meta property=\"og:site_name\" content=\"LetsGo\" \/>\n<meta property=\"article:modified_time\" content=\"2024-09-04T09:56:19+00:00\" \/>\n<meta name=\"twitter:card\" content=\"summary_large_image\" \/>\n<meta name=\"twitter:label1\" content=\"Tiempo de lectura\" \/>\n\t<meta name=\"twitter:data1\" content=\"1 minuto\" \/>\n<script type=\"application\/ld+json\" class=\"yoast-schema-graph\">{\"@context\":\"https:\/\/schema.org\",\"@graph\":[{\"@type\":\"WebPage\",\"@id\":\"https:\/\/www.letsgocompany.com\/es\/proveedores\/\",\"url\":\"https:\/\/www.letsgocompany.com\/es\/proveedores\/\",\"name\":\"Proveedores - LetsGo\",\"isPartOf\":{\"@id\":\"https:\/\/www.letsgocompany.com\/es\/#website\"},\"datePublished\":\"2024-09-04T08:25:34+00:00\",\"dateModified\":\"2024-09-04T09:56:19+00:00\",\"breadcrumb\":{\"@id\":\"https:\/\/www.letsgocompany.com\/es\/proveedores\/#breadcrumb\"},\"inLanguage\":\"es\",\"potentialAction\":[{\"@type\":\"ReadAction\",\"target\":[\"https:\/\/www.letsgocompany.com\/es\/proveedores\/\"]}]},{\"@type\":\"BreadcrumbList\",\"@id\":\"https:\/\/www.letsgocompany.com\/es\/proveedores\/#breadcrumb\",\"itemListElement\":[{\"@type\":\"ListItem\",\"position\":1,\"name\":\"Portada\",\"item\":\"https:\/\/www.letsgocompany.com\/es\/\"},{\"@type\":\"ListItem\",\"position\":2,\"name\":\"Proveedores\"}]},{\"@type\":\"WebSite\",\"@id\":\"https:\/\/www.letsgocompany.com\/es\/#website\",\"url\":\"https:\/\/www.letsgocompany.com\/es\/\",\"name\":\"LetsGo\",\"description\":\"\",\"potentialAction\":[{\"@type\":\"SearchAction\",\"target\":{\"@type\":\"EntryPoint\",\"urlTemplate\":\"https:\/\/www.letsgocompany.com\/es\/?s={search_term_string}\"},\"query-input\":{\"@type\":\"PropertyValueSpecification\",\"valueRequired\":true,\"valueName\":\"search_term_string\"}}],\"inLanguage\":\"es\"}]}<\/script>\n<!-- \/ Yoast SEO plugin. -->","yoast_head_json":{"title":"Proveedores - LetsGo","robots":{"index":"index","follow":"follow","max-snippet":"max-snippet:-1","max-image-preview":"max-image-preview:large","max-video-preview":"max-video-preview:-1"},"canonical":"https:\/\/www.letsgocompany.com\/es\/proveedores\/","og_locale":"es_ES","og_type":"article","og_title":"Proveedores - LetsGo","og_description":"Si eres proveedor de Letsgo Entertainment, S.L. pincha aqu\u00edSi eres proveedor deNaturaleza Encendida, S.L.pincha aqu\u00edInformamos a los acreedores de NATURALEZA ENCENDIDA S.L. a efectos del ejercicio del derecho de voto, que NATURALEZA ENCENDIDA S.L. ha firmado un plan de reestructuraci\u00f3n ante notario el jueves d\u00eda 27 de junio de 2024, en la notar\u00eda de Madrid [&hellip;]","og_site_name":"LetsGo","article_modified_time":"2024-09-04T09:56:19+00:00","twitter_card":"summary_large_image","twitter_misc":{"Tiempo de lectura":"1 minuto"},"schema":{"@context":"https:\/\/schema.org","@graph":[{"@type":"WebPage","@id":"https:\/\/www.letsgocompany.com\/es\/proveedores\/","url":"https:\/\/www.letsgocompany.com\/es\/proveedores\/","name":"Proveedores - LetsGo","isPartOf":{"@id":"https:\/\/www.letsgocompany.com\/es\/#website"},"datePublished":"2024-09-04T08:25:34+00:00","dateModified":"2024-09-04T09:56:19+00:00","breadcrumb":{"@id":"https:\/\/www.letsgocompany.com\/es\/proveedores\/#breadcrumb"},"inLanguage":"es","potentialAction":[{"@type":"ReadAction","target":["https:\/\/www.letsgocompany.com\/es\/proveedores\/"]}]},{"@type":"BreadcrumbList","@id":"https:\/\/www.letsgocompany.com\/es\/proveedores\/#breadcrumb","itemListElement":[{"@type":"ListItem","position":1,"name":"Portada","item":"https:\/\/www.letsgocompany.com\/es\/"},{"@type":"ListItem","position":2,"name":"Proveedores"}]},{"@type":"WebSite","@id":"https:\/\/www.letsgocompany.com\/es\/#website","url":"https:\/\/www.letsgocompany.com\/es\/","name":"LetsGo","description":"","potentialAction":[{"@type":"SearchAction","target":{"@type":"EntryPoint","urlTemplate":"https:\/\/www.letsgocompany.com\/es\/?s={search_term_string}"},"query-input":{"@type":"PropertyValueSpecification","valueRequired":true,"valueName":"search_term_string"}}],"inLanguage":"es"}]}},"_links":{"self":[{"href":"https:\/\/www.letsgocompany.com\/es\/wp-json\/wp\/v2\/pages\/3063","targetHints":{"allow":["GET"]}}],"collection":[{"href":"https:\/\/www.letsgocompany.com\/es\/wp-json\/wp\/v2\/pages"}],"about":[{"href":"https:\/\/www.letsgocompany.com\/es\/wp-json\/wp\/v2\/types\/page"}],"author":[{"embeddable":true,"href":"https:\/\/www.letsgocompany.com\/es\/wp-json\/wp\/v2\/users\/10"}],"replies":[{"embeddable":true,"href":"https:\/\/www.letsgocompany.com\/es\/wp-json\/wp\/v2\/comments?post=3063"}],"version-history":[{"count":0,"href":"https:\/\/www.letsgocompany.com\/es\/wp-json\/wp\/v2\/pages\/3063\/revisions"}],"wp:attachment":[{"href":"https:\/\/www.letsgocompany.com\/es\/wp-json\/wp\/v2\/media?parent=3063"}],"curies":[{"name":"wp","href":"https:\/\/api.w.org\/{rel}","templated":true}]}}