{"id":3,"date":"2024-02-15T21:00:08","date_gmt":"2024-02-15T20:00:08","guid":{"rendered":"https:\/\/www.letsgocompany.com\/?page_id=3"},"modified":"2025-09-09T17:35:37","modified_gmt":"2025-09-09T15:35:37","slug":"politica-privacidad","status":"publish","type":"page","link":"https:\/\/www.letsgocompany.com\/es\/politica-privacidad\/","title":{"rendered":"Pol\u00edtica de privacidad"},"content":{"rendered":"<p>[et_pb_section fb_built=\u00bb1&#8243; custom_padding_last_edited=\u00bbon|phone\u00bb admin_label=\u00bbContenido\u00bb _builder_version=\u00bb4.25.1&#8243; background_color=\u00bb#1A2023&#8243; custom_margin=\u00bb||||false|false\u00bb custom_padding_tablet=\u00bb20px||20px||true|false\u00bb custom_padding_phone=\u00bb20px||20px||true|false\u00bb da_disable_devices=\u00bboff|off|off\u00bb global_colors_info=\u00bb{}\u00bb da_is_popup=\u00bboff\u00bb da_exit_intent=\u00bboff\u00bb da_has_close=\u00bbon\u00bb da_alt_close=\u00bboff\u00bb da_dark_close=\u00bboff\u00bb da_not_modal=\u00bbon\u00bb da_is_singular=\u00bboff\u00bb da_with_loader=\u00bboff\u00bb da_has_shadow=\u00bbon\u00bb][et_pb_row _builder_version=\u00bb4.16&#8243; background_size=\u00bbinitial\u00bb background_position=\u00bbtop_left\u00bb background_repeat=\u00bbrepeat\u00bb global_colors_info=\u00bb{}\u00bb][et_pb_column type=\u00bb4_4&#8243; _builder_version=\u00bb4.16&#8243; custom_padding=\u00bb|||\u00bb global_colors_info=\u00bb{}\u00bb custom_padding__hover=\u00bb|||\u00bb][et_pb_post_title meta=\u00bboff\u00bb featured_image=\u00bboff\u00bb _builder_version=\u00bb4.25.1&#8243; _module_preset=\u00bbdefault\u00bb title_font=\u00bb|800|||||||\u00bb title_font_size=\u00bb40px\u00bb title_font_size_tablet=\u00bb30px\u00bb title_font_size_phone=\u00bb20px\u00bb title_font_size_last_edited=\u00bbon|phone\u00bb global_colors_info=\u00bb{}\u00bb][\/et_pb_post_title][\/et_pb_column][\/et_pb_row][\/et_pb_section][et_pb_section fb_built=\u00bb1&#8243; admin_label=\u00bbT\u00edtulo\u00bb _builder_version=\u00bb4.25.1&#8243; _module_preset=\u00bbdefault\u00bb da_disable_devices=\u00bboff|off|off\u00bb global_colors_info=\u00bb{}\u00bb da_is_popup=\u00bboff\u00bb da_exit_intent=\u00bboff\u00bb da_has_close=\u00bbon\u00bb da_alt_close=\u00bboff\u00bb da_dark_close=\u00bboff\u00bb da_not_modal=\u00bbon\u00bb da_is_singular=\u00bboff\u00bb da_with_loader=\u00bboff\u00bb da_has_shadow=\u00bbon\u00bb][et_pb_row _builder_version=\u00bb4.25.1&#8243; _module_preset=\u00bbdefault\u00bb custom_padding=\u00bb0px||0px||true|false\u00bb global_colors_info=\u00bb{}\u00bb][et_pb_column type=\u00bb4_4&#8243; _builder_version=\u00bb4.25.1&#8243; _module_preset=\u00bbdefault\u00bb global_colors_info=\u00bb{}\u00bb][et_pb_text _builder_version=\u00bb4.25.1&#8243; text_text_color=\u00bb#000000&#8243; link_text_color=\u00bb#F2CF73&#8243; header_3_font=\u00bb|700|||||||\u00bb header_3_text_color=\u00bb#1A2023&#8243; header_4_font=\u00bb|800|||||||\u00bb header_4_text_color=\u00bb#1A2023&#8243; background_size=\u00bbinitial\u00bb background_position=\u00bbtop_left\u00bb background_repeat=\u00bbrepeat\u00bb custom_padding=\u00bb||3px|||\u00bb global_colors_info=\u00bb{}\u00bb]<\/p>\n<p><strong><u>Responsable del Tratamiento: <\/u><\/strong><\/p>\n<p>Datos de contacto del responsable del Tratamiento:<\/p>\n<p>&nbsp;<\/p>\n<ul>\n<li>Raz\u00f3n social LETSGO ENTERTAINMENT, S.L.<\/li>\n<li>CIF: B95888335<\/li>\n<li>Direcci\u00f3n CALLE DE LAS MERCEDES,25 5\u00baDPTO, 48930 GETXO Vizcaya<\/li>\n<\/ul>\n<p>&nbsp;<\/p>\n<p>\u00a0\u00a0\u00a0\u00a0\u00a0\u00a0 Contacto Delegado de Protecci\u00f3n de Datos: \u00a0<a href=\"mailto:privacidad@letsgocompany.com\">privacidad@letsgocompany.com<\/a>.<\/p>\n<p>&nbsp;<\/p>\n<p>&nbsp;<\/p>\n<p><strong><u>Datos:\u00a0<\/u><\/strong><\/p>\n<p>\u00bfQu\u00e9 datos tratamos? Para cumplir las finalidades descritas a continuaci\u00f3n, tratamos datos identificativos (nombre y apellidos, email, tel\u00e9fono y direcci\u00f3n postal) y datos de compra (tarjeta, caducidad, importe).<\/p>\n<p>&nbsp;<\/p>\n<p><strong><u>Finalidades:\u00a0<\/u><\/strong><\/p>\n<p>\u00bfCon que finalidad tratamos tus datos? Tus datos ser\u00e1n objeto de tratamiento para:<\/p>\n<p>&nbsp;<\/p>\n<ul>\n<li>Gestionar la compra de la entrada al espect\u00e1culo, as\u00ed como atender solicitudes de consulta, informaci\u00f3n, quejas y reclamaciones.<\/li>\n<li>Enviar, incluso por medios electr\u00f3nicos, comunicaciones comerciales con ofertas, descuentos, acciones promocionales diversas, as\u00ed como informaci\u00f3n de eventos y espect\u00e1culos promovidos por ambos corresponsables;<\/li>\n<\/ul>\n<p>&nbsp;<\/p>\n<p><strong><u>Duraci\u00f3n:\u00a0<\/u><\/strong><\/p>\n<p>\u00bfDurante qu\u00e9 plazo tratamos sus datos?<\/p>\n<ul>\n<li>Trataremos tus datos desde el momento en el que formalices tu registro y hasta el momento en el que decidas darte de baja o cancelar tu suscripci\u00f3n.<\/li>\n<li>Los datos recabados para atender solicitudes de consulta, informaci\u00f3n, quejas y reclamaciones ser\u00e1n tratados durante el tiempo necesario para su gesti\u00f3n.<\/li>\n<\/ul>\n<p>&nbsp;<\/p>\n<p>Finalizado el tratamiento, los datos ser\u00e1n conservados por los plazos de prescripci\u00f3n de las obligaciones que puedan derivar del mismo.<\/p>\n<p>&nbsp;<\/p>\n<p><strong><u>Legitimaci\u00f3n:<\/u><\/strong><\/p>\n<p>Las bases legales para el tratamiento de tus datos son el consentimiento y el cumplimiento de obligaciones legales.<\/p>\n<p>&nbsp;<\/p>\n<p><strong><u>Destinatarios:<\/u><\/strong><\/p>\n<p>Podremos comunicar tus datos a nuestros proveedores de servicios y a las empresas organizadoras de los eventos y espect\u00e1culos promocionados en la plataforma para la gesti\u00f3n de las solicitudes de consulta, informaci\u00f3n, quejas y reclamaciones. Podr\u00e1s identificar las empresas organizadoras durante el proceso de compra de entradas.<\/p>\n<p>&nbsp;<\/p>\n<p>Igualmente, en el caso de LETSGO ENTERTAINMENT, S.L., los datos ser\u00e1n comunicados a las siguientes sociedades:<\/p>\n<table width=\"592\">\n<tbody>\n<tr>\n<td width=\"227\">\n<p>\u00b7\u00a0\u00a0\u00a0\u00a0\u00a0\u00a0 Kolfer Enterprises, S.L.<\/p>\n<\/td>\n<td width=\"94\">\n<p>B02956951<\/p>\n<\/td>\n<td width=\"271\">\n<p>Calle Las Mercedes 25, 5\u00ba 4. 48930 Getxo<\/p>\n<\/td>\n<\/tr>\n<tr>\n<td width=\"227\">\n<p>\u00b7\u00a0\u00a0\u00a0\u00a0\u00a0\u00a0 Letsgo Theatre &amp; Entertainment Enterprises, S.L.<\/p>\n<\/td>\n<td width=\"94\">\n<p>B95972816<\/p>\n<\/td>\n<td width=\"271\">\n<p>Calle Las Mercedes 25, 5\u00ba 4. 48930 Getxo<\/p>\n<\/td>\n<\/tr>\n<tr>\n<td width=\"227\">\n<p>\u00b7\u00a0\u00a0\u00a0\u00a0\u00a0\u00a0 Letsgo\u00a0 Enterprise, s.l.<\/p>\n<\/td>\n<td width=\"94\">\n<p>B56907678<\/p>\n<\/td>\n<td width=\"271\">\n<p>Calle Las Mercedes 25, 5\u00ba 4. 48930 Getxo<\/p>\n<\/td>\n<\/tr>\n<tr>\n<td width=\"227\">\n<p>\u00b7\u00a0\u00a0\u00a0\u00a0\u00a0\u00a0 Letsgo Oceans, S.L.<\/p>\n<\/td>\n<td width=\"94\">\n<p>B56804388<\/p>\n<\/td>\n<td width=\"271\">\n<p>Calle Las Mercedes 25, 5\u00ba 4. 48930 Getxo<\/p>\n<\/td>\n<\/tr>\n<tr>\n<td width=\"227\">\n<p>\u00b7\u00a0\u00a0\u00a0\u00a0\u00a0\u00a0 Letsgo Entertainment sl<\/p>\n<\/td>\n<td width=\"94\">\n<p>B95888335<\/p>\n<\/td>\n<td width=\"271\">\n<p>Calle Las Mercedes 25, 5\u00ba 4. 48930 Getxo<\/p>\n<\/td>\n<\/tr>\n<\/tbody>\n<\/table>\n<p>&nbsp;<\/p>\n<p>Los datos se comunicar\u00e1n para el env\u00edo por cualquiera de ellas, incluso por medios electr\u00f3nicos, de comunicaciones comerciales con ofertas, descuentos, acciones promocionales diversas, as\u00ed como informaci\u00f3n de eventos y espect\u00e1culos promovidos desde las empresas Lets Go Company (www.letsgocompany.com).<\/p>\n<p>&nbsp;<\/p>\n<p>Puede ejercitar sus derechos de acceso, rectificaci\u00f3n, supresi\u00f3n, oposici\u00f3n o limitaci\u00f3n del tratamiento, as\u00ed como solicitar la portabilidad de sus datos, remitiendo una comunicaci\u00f3n escrita a los Corresponsables del Tratamiento a trav\u00e9s de los datos de contacto arriba indicados.<\/p>\n<p>&nbsp;<\/p>\n<p>Si no deseas recibir comunicaciones comerciales de los Corresponsables del Tratamiento, puedes manifestar tu oposici\u00f3n o solicitar la baja en cualquier momento, remitiendo una solicitud a la direcci\u00f3n <a href=\"mailto:privacidad@letsgocompany.com\">privacidad@letsgocompany.com<\/a>. Igualmente, en cada comunicaci\u00f3n comercial que recibas por medios electr\u00f3nicos, dispondr\u00e1s de un mecanismo para darte de baja o cancelar tu suscripci\u00f3n.<\/p>\n<p>Los usuarios tienen derecho a presentar una reclamaci\u00f3n ante la Agencia Espa\u00f1ola de Protecci\u00f3n de Datos (<a href=\"http:\/\/www.aepd.es\">www.aepd.es<\/a>) cuando consideren que el tratamiento de sus datos personales infringe la normativa aplicable.<\/p>\n<p>&nbsp;<\/p>\n<p>Utilizamos cookies propias y de terceros para hacer posible el uso del Sitio Web y de los servicios ofrecidos, as\u00ed como para entender c\u00f3mo interact\u00faan nuestros usuarios con el Sitio Web y analizar su comportamiento para poder mostrar publicidad relacionada con sus preferencias en base a un perfil elaborado a partir de sus h\u00e1bitos de navegaci\u00f3n, seg\u00fan se detalla en nuestra Pol\u00edtica de Cookies.<\/p>\n<p>&nbsp;<\/p>\n<p><strong>\u00a9 LETSGO ENTERTAINMENT, S.L. &#8211; Todos los derechos reservados.<\/strong><\/p>\n<p><strong><\/strong><\/p>\n<p>[\/et_pb_text][\/et_pb_column][\/et_pb_row][\/et_pb_section]<\/p>\n","protected":false},"excerpt":{"rendered":"<p>Responsable del Tratamiento: Datos de contacto del responsable del Tratamiento: &nbsp; Raz\u00f3n social LETSGO ENTERTAINMENT, S.L. CIF: B95888335 Direcci\u00f3n CALLE DE LAS MERCEDES,25 5\u00baDPTO, 48930 GETXO Vizcaya &nbsp; \u00a0\u00a0\u00a0\u00a0\u00a0\u00a0 Contacto Delegado de Protecci\u00f3n de Datos: \u00a0privacidad@letsgocompany.com. &nbsp; &nbsp; Datos:\u00a0 \u00bfQu\u00e9 datos tratamos? Para cumplir las finalidades descritas a continuaci\u00f3n, tratamos datos identificativos (nombre y apellidos, [&hellip;]<\/p>\n","protected":false},"author":10,"featured_media":0,"parent":0,"menu_order":0,"comment_status":"closed","ping_status":"open","template":"","meta":{"_acf_changed":false,"_et_pb_use_builder":"on","_et_pb_old_content":"<!-- wp:heading -->\r\n<h3><strong>POL\u00cdTICA DE PRIVACIDAD LETSGO COMPANY<\/strong><\/h3>\r\n<p><strong><u>Responsable del Tratamiento: <\/u><\/strong><\/p>\r\n<p>Datos de contacto del Responsable del Tratamiento:<\/p>\r\n<ul>\r\n<li>LETSGO ENTERTAINMENT, S.L. con CIF B95888335; y domicilio en Santa Engracia 31, 7\u00aa planta, CP 28010 de Madrid<\/li>\r\n<li>Contacto Delegado de Protecci\u00f3n de Datos: <a href=\"mailto:privacidad@letsgocompany.com\">privacidad@letsgocompany.com<\/a>.<\/li>\r\n<\/ul>\r\n<p><strong><u>Datos:<\/u><\/strong><\/p>\r\n<p>\u00bfQu\u00e9 datos tratamos? Para cumplir las finalidades descritas a continuaci\u00f3n, tratamos datos identificativos (nombre y apellidos) y datos de contacto (email, tel\u00e9fono y direcci\u00f3n postal).<\/p>\r\n<p><strong><u>Finalidades:<\/u><\/strong><\/p>\r\n<p>\u00bfCon que finalidad tratamos tus datos? Tus datos ser\u00e1n objeto de tratamiento para:<\/p>\r\n<ul>\r\n<li>Gestionar y atender solicitudes de consulta, informaci\u00f3n, quejas y reclamaciones as\u00ed como las peticiones de registro que pueda tener disponible la web y en la que decidas voluntariamente inscribirte.<\/li>\r\n<li>Enviar, incluso por medios electr\u00f3nicos, comunicaciones comerciales con ofertas, descuentos, acciones promocionales diversas, as\u00ed como informaci\u00f3n de eventos y espect\u00e1culos promovidos por ambos corresponsables;<\/li>\r\n<\/ul>\r\n<p><strong><u>Duraci\u00f3n:<\/u><\/strong><\/p>\r\n<p>\u00bfDurante qu\u00e9 plazo tratamos sus datos?<\/p>\r\n<ul>\r\n<li>Trataremos tus datos desde el momento en el que formalices tu registro en los apartados de\u201dContrataci\u00f3n\u201d, \u201cAudiciones\u201d o cualquier otro en el que participes y hasta el momento en el que decidas darte de baja o cancelar tu suscripci\u00f3n.<\/li>\r\n<li>Los datos recabados para atender solicitudes de consulta, informaci\u00f3n, quejas y reclamaciones ser\u00e1n tratados durante el tiempo necesario para su gesti\u00f3n.<\/li>\r\n<\/ul>\r\n<p>Finalizado el tratamiento, los datos ser\u00e1n conservados por los plazos de prescripci\u00f3n de las obligaciones que puedan derivar del mismo.<\/p>\r\n<p><strong><u>Legitimaci\u00f3n: <\/u><\/strong><\/p>\r\n<p>Las bases legales para el tratamiento de tus datos son el consentimiento y el cumplimiento de obligaciones legales.<\/p>\r\n<p><strong><u>Destinatarios: <\/u><\/strong><\/p>\r\n<p>Los datos ser\u00e1n comunicados a las siguientes sociedades:<\/p>\r\n<p><u>LETSGO THEATRE&ENTERTAINMENT ENTERPRISE S.L<br \/><\/u>C\/Las Mercedes 25, 5\u00ba piso dep 4.<br \/>48930 Getxo, Vizcaya<br \/>CIF: B-95972816<\/p>\r\n<p><u>KOLFER ENTERPRISE S.L <br \/><\/u>Las Mercedes 25, 5\u00aa planta, dept. 4. 48930 Getxo\/ Bizkaia.<br \/>B-02956951<\/p>\r\n<p>para el env\u00edo por cualquiera de ellas, incluso por medios electr\u00f3nicos, de comunicaciones comerciales con ofertas, descuentos, acciones promocionales diversas as\u00ed como informaci\u00f3n de eventos y espect\u00e1culos promovidos desde las empresas Lets Go Company (www.letsgocompany.com).<\/p>\r\n<p>Puede ejercitar sus derechos de acceso, rectificaci\u00f3n, supresi\u00f3n, oposici\u00f3n o limitaci\u00f3n del tratamiento, as\u00ed como solicitar la portabilidad de sus datos, remitiendo una comunicaci\u00f3n escrita al responsable del Tratamiento a trav\u00e9s de los datos de contacto arriba indicados.<\/p>\r\n<p>Si no deseas recibir comunicaciones comerciales de los Corresponsables del Tratamiento, puedes manifestar tu oposici\u00f3n o solicitar la baja en cualquier momento, remitiendo una solicitud a la direcci\u00f3n <a href=\"mailto:privacidad@letsgocompany.com\">privacidad@letsgocompany.com<\/a>. Igualmente, en cada comunicaci\u00f3n comercial que recibas por medios electr\u00f3nicos, dispondr\u00e1s de un mecanismo para darte de baja o cancelar tu suscripci\u00f3n.<\/p>\r\n<p>Los usuarios tienen derecho a presentar una reclamaci\u00f3n ante la Agencia Espa\u00f1ola de Protecci\u00f3n de Datos (<a href=\"http:\/\/www.aepd.es\">www.aepd.es<\/a>) cuando consideren que el tratamiento de sus datos personales infringe la normativa aplicable.<\/p>\r\n<p>Utilizamos cookies propias y de terceros para hacer posible el uso del Sitio Web y de los servicios ofrecidos, as\u00ed como para entender c\u00f3mo interact\u00faan nuestros usuarios con el Sitio Web y analizar su comportamiento para poder mostrar publicidad relacionada con sus preferencias en base a un perfil elaborado a partir de sus h\u00e1bitos de navegaci\u00f3n, seg\u00fan se detalla en nuestra Pol\u00edtica de Cookies accesible en el correspondiente apartado de nuestra web.<\/p>\r\n<p><strong>\u00a9 Junio 2024 LETSGO ENTERTAINMENT, S.L. Todos los derechos reservados.<\/strong><\/p>\r\n<!-- \/wp:paragraph -->","_et_gb_content_width":"","footnotes":""},"class_list":["post-3","page","type-page","status-publish","hentry"],"acf":[],"yoast_head":"<!-- This site is optimized with the Yoast SEO plugin v27.0 - https:\/\/yoast.com\/product\/yoast-seo-wordpress\/ -->\n<title>Pol\u00edtica de privacidad - LetsGo<\/title>\n<meta name=\"robots\" content=\"index, follow, max-snippet:-1, max-image-preview:large, max-video-preview:-1\" \/>\n<link rel=\"canonical\" href=\"https:\/\/www.letsgocompany.com\/es\/politica-privacidad\/\" \/>\n<meta property=\"og:locale\" content=\"es_ES\" \/>\n<meta property=\"og:type\" content=\"article\" \/>\n<meta property=\"og:title\" content=\"Pol\u00edtica de privacidad - LetsGo\" \/>\n<meta property=\"og:description\" content=\"Responsable del Tratamiento: Datos de contacto del responsable del Tratamiento: &nbsp; Raz\u00f3n social LETSGO ENTERTAINMENT, S.L. CIF: B95888335 Direcci\u00f3n CALLE DE LAS MERCEDES,25 5\u00baDPTO, 48930 GETXO Vizcaya &nbsp; \u00a0\u00a0\u00a0\u00a0\u00a0\u00a0 Contacto Delegado de Protecci\u00f3n de Datos: \u00a0privacidad@letsgocompany.com. &nbsp; &nbsp; Datos:\u00a0 \u00bfQu\u00e9 datos tratamos? Para cumplir las finalidades descritas a continuaci\u00f3n, tratamos datos identificativos (nombre y apellidos, [&hellip;]\" \/>\n<meta property=\"og:site_name\" content=\"LetsGo\" \/>\n<meta property=\"article:modified_time\" content=\"2025-09-09T15:35:37+00:00\" \/>\n<meta name=\"twitter:card\" content=\"summary_large_image\" \/>\n<meta name=\"twitter:label1\" content=\"Tiempo de lectura\" \/>\n\t<meta name=\"twitter:data1\" content=\"3 minutos\" \/>\n<script type=\"application\/ld+json\" class=\"yoast-schema-graph\">{\"@context\":\"https:\/\/schema.org\",\"@graph\":[{\"@type\":\"WebPage\",\"@id\":\"https:\/\/www.letsgocompany.com\/es\/politica-privacidad\/\",\"url\":\"https:\/\/www.letsgocompany.com\/es\/politica-privacidad\/\",\"name\":\"Pol\u00edtica de privacidad - LetsGo\",\"isPartOf\":{\"@id\":\"https:\/\/www.letsgocompany.com\/es\/#website\"},\"datePublished\":\"2024-02-15T20:00:08+00:00\",\"dateModified\":\"2025-09-09T15:35:37+00:00\",\"breadcrumb\":{\"@id\":\"https:\/\/www.letsgocompany.com\/es\/politica-privacidad\/#breadcrumb\"},\"inLanguage\":\"es\",\"potentialAction\":[{\"@type\":\"ReadAction\",\"target\":[\"https:\/\/www.letsgocompany.com\/es\/politica-privacidad\/\"]}]},{\"@type\":\"BreadcrumbList\",\"@id\":\"https:\/\/www.letsgocompany.com\/es\/politica-privacidad\/#breadcrumb\",\"itemListElement\":[{\"@type\":\"ListItem\",\"position\":1,\"name\":\"Portada\",\"item\":\"https:\/\/www.letsgocompany.com\/es\/\"},{\"@type\":\"ListItem\",\"position\":2,\"name\":\"Pol\u00edtica de privacidad\"}]},{\"@type\":\"WebSite\",\"@id\":\"https:\/\/www.letsgocompany.com\/es\/#website\",\"url\":\"https:\/\/www.letsgocompany.com\/es\/\",\"name\":\"LetsGo\",\"description\":\"\",\"potentialAction\":[{\"@type\":\"SearchAction\",\"target\":{\"@type\":\"EntryPoint\",\"urlTemplate\":\"https:\/\/www.letsgocompany.com\/es\/?s={search_term_string}\"},\"query-input\":{\"@type\":\"PropertyValueSpecification\",\"valueRequired\":true,\"valueName\":\"search_term_string\"}}],\"inLanguage\":\"es\"}]}<\/script>\n<!-- \/ Yoast SEO plugin. -->","yoast_head_json":{"title":"Pol\u00edtica de privacidad - LetsGo","robots":{"index":"index","follow":"follow","max-snippet":"max-snippet:-1","max-image-preview":"max-image-preview:large","max-video-preview":"max-video-preview:-1"},"canonical":"https:\/\/www.letsgocompany.com\/es\/politica-privacidad\/","og_locale":"es_ES","og_type":"article","og_title":"Pol\u00edtica de privacidad - LetsGo","og_description":"Responsable del Tratamiento: Datos de contacto del responsable del Tratamiento: &nbsp; Raz\u00f3n social LETSGO ENTERTAINMENT, S.L. CIF: B95888335 Direcci\u00f3n CALLE DE LAS MERCEDES,25 5\u00baDPTO, 48930 GETXO Vizcaya &nbsp; \u00a0\u00a0\u00a0\u00a0\u00a0\u00a0 Contacto Delegado de Protecci\u00f3n de Datos: \u00a0privacidad@letsgocompany.com. &nbsp; &nbsp; Datos:\u00a0 \u00bfQu\u00e9 datos tratamos? Para cumplir las finalidades descritas a continuaci\u00f3n, tratamos datos identificativos (nombre y apellidos, [&hellip;]","og_site_name":"LetsGo","article_modified_time":"2025-09-09T15:35:37+00:00","twitter_card":"summary_large_image","twitter_misc":{"Tiempo de lectura":"3 minutos"},"schema":{"@context":"https:\/\/schema.org","@graph":[{"@type":"WebPage","@id":"https:\/\/www.letsgocompany.com\/es\/politica-privacidad\/","url":"https:\/\/www.letsgocompany.com\/es\/politica-privacidad\/","name":"Pol\u00edtica de privacidad - LetsGo","isPartOf":{"@id":"https:\/\/www.letsgocompany.com\/es\/#website"},"datePublished":"2024-02-15T20:00:08+00:00","dateModified":"2025-09-09T15:35:37+00:00","breadcrumb":{"@id":"https:\/\/www.letsgocompany.com\/es\/politica-privacidad\/#breadcrumb"},"inLanguage":"es","potentialAction":[{"@type":"ReadAction","target":["https:\/\/www.letsgocompany.com\/es\/politica-privacidad\/"]}]},{"@type":"BreadcrumbList","@id":"https:\/\/www.letsgocompany.com\/es\/politica-privacidad\/#breadcrumb","itemListElement":[{"@type":"ListItem","position":1,"name":"Portada","item":"https:\/\/www.letsgocompany.com\/es\/"},{"@type":"ListItem","position":2,"name":"Pol\u00edtica de privacidad"}]},{"@type":"WebSite","@id":"https:\/\/www.letsgocompany.com\/es\/#website","url":"https:\/\/www.letsgocompany.com\/es\/","name":"LetsGo","description":"","potentialAction":[{"@type":"SearchAction","target":{"@type":"EntryPoint","urlTemplate":"https:\/\/www.letsgocompany.com\/es\/?s={search_term_string}"},"query-input":{"@type":"PropertyValueSpecification","valueRequired":true,"valueName":"search_term_string"}}],"inLanguage":"es"}]}},"_links":{"self":[{"href":"https:\/\/www.letsgocompany.com\/es\/wp-json\/wp\/v2\/pages\/3","targetHints":{"allow":["GET"]}}],"collection":[{"href":"https:\/\/www.letsgocompany.com\/es\/wp-json\/wp\/v2\/pages"}],"about":[{"href":"https:\/\/www.letsgocompany.com\/es\/wp-json\/wp\/v2\/types\/page"}],"author":[{"embeddable":true,"href":"https:\/\/www.letsgocompany.com\/es\/wp-json\/wp\/v2\/users\/10"}],"replies":[{"embeddable":true,"href":"https:\/\/www.letsgocompany.com\/es\/wp-json\/wp\/v2\/comments?post=3"}],"version-history":[{"count":2,"href":"https:\/\/www.letsgocompany.com\/es\/wp-json\/wp\/v2\/pages\/3\/revisions"}],"predecessor-version":[{"id":5916,"href":"https:\/\/www.letsgocompany.com\/es\/wp-json\/wp\/v2\/pages\/3\/revisions\/5916"}],"wp:attachment":[{"href":"https:\/\/www.letsgocompany.com\/es\/wp-json\/wp\/v2\/media?parent=3"}],"curies":[{"name":"wp","href":"https:\/\/api.w.org\/{rel}","templated":true}]}}