{"id":2961,"date":"2024-07-04T14:49:18","date_gmt":"2024-07-04T12:49:18","guid":{"rendered":"https:\/\/www.letsgocompany.com\/?page_id=2961"},"modified":"2024-07-04T14:49:23","modified_gmt":"2024-07-04T12:49:23","slug":"gracias","status":"publish","type":"page","link":"https:\/\/www.letsgocompany.com\/es\/gracias\/","title":{"rendered":"Gracias por inscribirte"},"content":{"rendered":"<p>[et_pb_section fb_built=\u00bb1&#8243; _builder_version=\u00bb4.25.1&#8243; hover_enabled=\u00bb0&#8243; global_colors_info=\u00bb{}\u00bb background_color=\u00bb#1A2023&#8243; sticky_enabled=\u00bb0&#8243; da_is_popup=\u00bboff\u00bb da_exit_intent=\u00bboff\u00bb da_has_close=\u00bbon\u00bb da_alt_close=\u00bboff\u00bb da_dark_close=\u00bboff\u00bb da_not_modal=\u00bbon\u00bb da_is_singular=\u00bboff\u00bb da_with_loader=\u00bboff\u00bb da_has_shadow=\u00bbon\u00bb da_disable_devices=\u00bboff|off|off\u00bb][et_pb_row _builder_version=\u00bb4.25.1&#8243; background_size=\u00bbinitial\u00bb background_position=\u00bbtop_left\u00bb background_repeat=\u00bbrepeat\u00bb hover_enabled=\u00bb0&#8243; global_colors_info=\u00bb{}\u00bb max_width=\u00bb700px\u00bb module_alignment=\u00bbcenter\u00bb sticky_enabled=\u00bb0&#8243;][et_pb_column type=\u00bb4_4&#8243; _builder_version=\u00bb4.16&#8243; custom_padding=\u00bb|||\u00bb global_colors_info=\u00bb{}\u00bb custom_padding__hover=\u00bb|||\u00bb][et_pb_text _builder_version=\u00bb4.25.1&#8243; background_size=\u00bbinitial\u00bb background_position=\u00bbtop_left\u00bb background_repeat=\u00bbrepeat\u00bb hover_enabled=\u00bb0&#8243; global_colors_info=\u00bb{}\u00bb text_orientation=\u00bbcenter\u00bb sticky_enabled=\u00bb0&#8243;]<\/p>\n<h2><strong>\u00a1Muchas gracias por inscribirte!<\/strong><\/h2>\n<p>Si resultas seleccionado\/a, pronto recibir\u00e1s un email con toda la informaci\u00f3n <br \/>(citaci\u00f3n, material casting, etc.).<\/p>\n<p>Si no lo recibes, es que no coincides con lo que estamos buscando en esta ocasi\u00f3n, pero seguro que habr\u00e1 pr\u00f3ximas oportunidades de trabajar juntos. Un abrazo.<\/p>\n<p>[\/et_pb_text][\/et_pb_column][\/et_pb_row][\/et_pb_section]<\/p>\n","protected":false},"excerpt":{"rendered":"<p>\u00a1Muchas gracias por inscribirte! Si resultas seleccionado\/a, pronto recibir\u00e1s un email con toda la informaci\u00f3n (citaci\u00f3n, material casting, etc.). Si no lo recibes, es que no coincides con lo que estamos buscando en esta ocasi\u00f3n, pero seguro que habr\u00e1 pr\u00f3ximas oportunidades de trabajar juntos. Un abrazo.<\/p>\n","protected":false},"author":10,"featured_media":0,"parent":0,"menu_order":0,"comment_status":"closed","ping_status":"closed","template":"","meta":{"_acf_changed":false,"_et_pb_use_builder":"on","_et_pb_old_content":"<h2><strong>\u00a1Muchas gracias por inscribirte!<\/strong><\/h2><p>Si resultas seleccionado\/a, pronto recibir\u00e1s un email con toda la informaci\u00f3n (citaci\u00f3n, material casting, etc.).<\/p><p>Si no lo recibes, es que no coincides con lo que estamos buscando en esta ocasi\u00f3n, pero seguro que habr\u00e1 pr\u00f3ximas oportunidades de trabajar juntos. Un abrazo.<\/p>","_et_gb_content_width":"","footnotes":""},"class_list":["post-2961","page","type-page","status-publish","hentry"],"acf":[],"yoast_head":"<!-- This site is optimized with the Yoast SEO plugin v27.0 - https:\/\/yoast.com\/product\/yoast-seo-wordpress\/ -->\n<title>Gracias por inscribirte - LetsGo<\/title>\n<meta name=\"robots\" content=\"index, follow, max-snippet:-1, max-image-preview:large, max-video-preview:-1\" \/>\n<link rel=\"canonical\" href=\"https:\/\/www.letsgocompany.com\/es\/gracias\/\" \/>\n<meta property=\"og:locale\" content=\"es_ES\" \/>\n<meta property=\"og:type\" content=\"article\" \/>\n<meta property=\"og:title\" content=\"Gracias por inscribirte - LetsGo\" \/>\n<meta property=\"og:description\" content=\"\u00a1Muchas gracias por inscribirte! Si resultas seleccionado\/a, pronto recibir\u00e1s un email con toda la informaci\u00f3n (citaci\u00f3n, material casting, etc.). Si no lo recibes, es que no coincides con lo que estamos buscando en esta ocasi\u00f3n, pero seguro que habr\u00e1 pr\u00f3ximas oportunidades de trabajar juntos. Un abrazo.\" \/>\n<meta property=\"og:site_name\" content=\"LetsGo\" \/>\n<meta property=\"article:modified_time\" content=\"2024-07-04T12:49:23+00:00\" \/>\n<meta name=\"twitter:card\" content=\"summary_large_image\" \/>\n<meta name=\"twitter:label1\" content=\"Tiempo de lectura\" \/>\n\t<meta name=\"twitter:data1\" content=\"1 minuto\" \/>\n<script type=\"application\/ld+json\" class=\"yoast-schema-graph\">{\"@context\":\"https:\/\/schema.org\",\"@graph\":[{\"@type\":\"WebPage\",\"@id\":\"https:\/\/www.letsgocompany.com\/es\/gracias\/\",\"url\":\"https:\/\/www.letsgocompany.com\/es\/gracias\/\",\"name\":\"Gracias por inscribirte - LetsGo\",\"isPartOf\":{\"@id\":\"https:\/\/www.letsgocompany.com\/es\/#website\"},\"datePublished\":\"2024-07-04T12:49:18+00:00\",\"dateModified\":\"2024-07-04T12:49:23+00:00\",\"breadcrumb\":{\"@id\":\"https:\/\/www.letsgocompany.com\/es\/gracias\/#breadcrumb\"},\"inLanguage\":\"es\",\"potentialAction\":[{\"@type\":\"ReadAction\",\"target\":[\"https:\/\/www.letsgocompany.com\/es\/gracias\/\"]}]},{\"@type\":\"BreadcrumbList\",\"@id\":\"https:\/\/www.letsgocompany.com\/es\/gracias\/#breadcrumb\",\"itemListElement\":[{\"@type\":\"ListItem\",\"position\":1,\"name\":\"Portada\",\"item\":\"https:\/\/www.letsgocompany.com\/es\/\"},{\"@type\":\"ListItem\",\"position\":2,\"name\":\"Gracias por inscribirte\"}]},{\"@type\":\"WebSite\",\"@id\":\"https:\/\/www.letsgocompany.com\/es\/#website\",\"url\":\"https:\/\/www.letsgocompany.com\/es\/\",\"name\":\"LetsGo\",\"description\":\"\",\"potentialAction\":[{\"@type\":\"SearchAction\",\"target\":{\"@type\":\"EntryPoint\",\"urlTemplate\":\"https:\/\/www.letsgocompany.com\/es\/?s={search_term_string}\"},\"query-input\":{\"@type\":\"PropertyValueSpecification\",\"valueRequired\":true,\"valueName\":\"search_term_string\"}}],\"inLanguage\":\"es\"}]}<\/script>\n<!-- \/ Yoast SEO plugin. -->","yoast_head_json":{"title":"Gracias por inscribirte - LetsGo","robots":{"index":"index","follow":"follow","max-snippet":"max-snippet:-1","max-image-preview":"max-image-preview:large","max-video-preview":"max-video-preview:-1"},"canonical":"https:\/\/www.letsgocompany.com\/es\/gracias\/","og_locale":"es_ES","og_type":"article","og_title":"Gracias por inscribirte - LetsGo","og_description":"\u00a1Muchas gracias por inscribirte! Si resultas seleccionado\/a, pronto recibir\u00e1s un email con toda la informaci\u00f3n (citaci\u00f3n, material casting, etc.). Si no lo recibes, es que no coincides con lo que estamos buscando en esta ocasi\u00f3n, pero seguro que habr\u00e1 pr\u00f3ximas oportunidades de trabajar juntos. Un abrazo.","og_site_name":"LetsGo","article_modified_time":"2024-07-04T12:49:23+00:00","twitter_card":"summary_large_image","twitter_misc":{"Tiempo de lectura":"1 minuto"},"schema":{"@context":"https:\/\/schema.org","@graph":[{"@type":"WebPage","@id":"https:\/\/www.letsgocompany.com\/es\/gracias\/","url":"https:\/\/www.letsgocompany.com\/es\/gracias\/","name":"Gracias por inscribirte - LetsGo","isPartOf":{"@id":"https:\/\/www.letsgocompany.com\/es\/#website"},"datePublished":"2024-07-04T12:49:18+00:00","dateModified":"2024-07-04T12:49:23+00:00","breadcrumb":{"@id":"https:\/\/www.letsgocompany.com\/es\/gracias\/#breadcrumb"},"inLanguage":"es","potentialAction":[{"@type":"ReadAction","target":["https:\/\/www.letsgocompany.com\/es\/gracias\/"]}]},{"@type":"BreadcrumbList","@id":"https:\/\/www.letsgocompany.com\/es\/gracias\/#breadcrumb","itemListElement":[{"@type":"ListItem","position":1,"name":"Portada","item":"https:\/\/www.letsgocompany.com\/es\/"},{"@type":"ListItem","position":2,"name":"Gracias por inscribirte"}]},{"@type":"WebSite","@id":"https:\/\/www.letsgocompany.com\/es\/#website","url":"https:\/\/www.letsgocompany.com\/es\/","name":"LetsGo","description":"","potentialAction":[{"@type":"SearchAction","target":{"@type":"EntryPoint","urlTemplate":"https:\/\/www.letsgocompany.com\/es\/?s={search_term_string}"},"query-input":{"@type":"PropertyValueSpecification","valueRequired":true,"valueName":"search_term_string"}}],"inLanguage":"es"}]}},"_links":{"self":[{"href":"https:\/\/www.letsgocompany.com\/es\/wp-json\/wp\/v2\/pages\/2961","targetHints":{"allow":["GET"]}}],"collection":[{"href":"https:\/\/www.letsgocompany.com\/es\/wp-json\/wp\/v2\/pages"}],"about":[{"href":"https:\/\/www.letsgocompany.com\/es\/wp-json\/wp\/v2\/types\/page"}],"author":[{"embeddable":true,"href":"https:\/\/www.letsgocompany.com\/es\/wp-json\/wp\/v2\/users\/10"}],"replies":[{"embeddable":true,"href":"https:\/\/www.letsgocompany.com\/es\/wp-json\/wp\/v2\/comments?post=2961"}],"version-history":[{"count":0,"href":"https:\/\/www.letsgocompany.com\/es\/wp-json\/wp\/v2\/pages\/2961\/revisions"}],"wp:attachment":[{"href":"https:\/\/www.letsgocompany.com\/es\/wp-json\/wp\/v2\/media?parent=2961"}],"curies":[{"name":"wp","href":"https:\/\/api.w.org\/{rel}","templated":true}]}}