{"id":2861,"date":"2024-06-21T15:00:34","date_gmt":"2024-06-21T13:00:34","guid":{"rendered":"https:\/\/www.letsgocompany.com\/?page_id=2861"},"modified":"2024-06-21T15:01:50","modified_gmt":"2024-06-21T13:01:50","slug":"politica-de-cookies","status":"publish","type":"page","link":"https:\/\/www.letsgocompany.com\/es\/politica-de-cookies\/","title":{"rendered":"Pol\u00edtica de cookies"},"content":{"rendered":"<p>[et_pb_section fb_built=\u00bb1&#8243; custom_padding_last_edited=\u00bbon|phone\u00bb admin_label=\u00bbContenido\u00bb _builder_version=\u00bb4.25.1&#8243; background_color=\u00bb#1A2023&#8243; custom_margin=\u00bb||||false|false\u00bb custom_padding_tablet=\u00bb20px||20px||true|false\u00bb custom_padding_phone=\u00bb20px||20px||true|false\u00bb da_disable_devices=\u00bboff|off|off\u00bb global_colors_info=\u00bb{}\u00bb da_is_popup=\u00bboff\u00bb da_exit_intent=\u00bboff\u00bb da_has_close=\u00bbon\u00bb da_alt_close=\u00bboff\u00bb da_dark_close=\u00bboff\u00bb da_not_modal=\u00bbon\u00bb da_is_singular=\u00bboff\u00bb da_with_loader=\u00bboff\u00bb da_has_shadow=\u00bbon\u00bb][et_pb_row _builder_version=\u00bb4.16&#8243; background_size=\u00bbinitial\u00bb background_position=\u00bbtop_left\u00bb background_repeat=\u00bbrepeat\u00bb global_colors_info=\u00bb{}\u00bb][et_pb_column type=\u00bb4_4&#8243; _builder_version=\u00bb4.16&#8243; custom_padding=\u00bb|||\u00bb global_colors_info=\u00bb{}\u00bb custom_padding__hover=\u00bb|||\u00bb][et_pb_post_title meta=\u00bboff\u00bb featured_image=\u00bboff\u00bb _builder_version=\u00bb4.25.1&#8243; _module_preset=\u00bbdefault\u00bb title_font=\u00bb|800|||||||\u00bb title_font_size=\u00bb40px\u00bb title_font_size_tablet=\u00bb30px\u00bb title_font_size_phone=\u00bb20px\u00bb title_font_size_last_edited=\u00bbon|phone\u00bb global_colors_info=\u00bb{}\u00bb][\/et_pb_post_title][\/et_pb_column][\/et_pb_row][\/et_pb_section][et_pb_section fb_built=\u00bb1&#8243; admin_label=\u00bbT\u00edtulo\u00bb _builder_version=\u00bb4.25.1&#8243; _module_preset=\u00bbdefault\u00bb da_disable_devices=\u00bboff|off|off\u00bb global_colors_info=\u00bb{}\u00bb da_is_popup=\u00bboff\u00bb da_exit_intent=\u00bboff\u00bb da_has_close=\u00bbon\u00bb da_alt_close=\u00bboff\u00bb da_dark_close=\u00bboff\u00bb da_not_modal=\u00bbon\u00bb da_is_singular=\u00bboff\u00bb da_with_loader=\u00bboff\u00bb da_has_shadow=\u00bbon\u00bb][et_pb_row _builder_version=\u00bb4.25.1&#8243; _module_preset=\u00bbdefault\u00bb custom_padding=\u00bb0px||0px||true|false\u00bb global_colors_info=\u00bb{}\u00bb][et_pb_column type=\u00bb4_4&#8243; _builder_version=\u00bb4.25.1&#8243; _module_preset=\u00bbdefault\u00bb global_colors_info=\u00bb{}\u00bb][et_pb_text _builder_version=\u00bb4.25.1&#8243; text_text_color=\u00bb#000000&#8243; link_text_color=\u00bb#F2CF73&#8243; header_3_font=\u00bb|700|||||||\u00bb header_3_text_color=\u00bb#1A2023&#8243; header_4_font=\u00bb|800|||||||\u00bb header_4_text_color=\u00bb#1A2023&#8243; background_size=\u00bbinitial\u00bb background_position=\u00bbtop_left\u00bb background_repeat=\u00bbrepeat\u00bb hover_enabled=\u00bb0&#8243; global_colors_info=\u00bb{}\u00bb sticky_enabled=\u00bb0&#8243;]<\/p>\n<h4><u>1\u00ba CAPA<\/u><\/h4>\n<p><strong><u>Primera capa informativa<\/u><\/strong><\/p>\n<p>Este sitio web utiliza cookies para hacer posible su uso, el de los servicios que se ofrecen en el mismo, as\u00ed como para entender c\u00f3mo interact\u00faan nuestros usuarios y analizar su comportamiento para poder mostrar publicidad relacionada con sus preferencias en base a un perfil elaborado a partir de sus h\u00e1bitos de navegaci\u00f3n. Puede obtener m\u00e1s informaci\u00f3n AQU\u00cd.<\/p>\n<p>RECHAZA COOKIES | CONFIGURAR | ACEPTAR COOKIES<\/p>\n<h4><u>2\u00ba CAPA<\/u><\/h4>\n<p><strong>POL\u00cdTICA DE USO DE COOKIES <\/strong><strong>NATURALEZA ENCENDIDA<\/strong><\/p>\n<p>En cumplimiento del art\u00edculo 22.2 de la Ley 34\/2002, de Servicios de la Sociedad de la Informaci\u00f3n, informamos a los usuarios de nuestro sitio web de nuestra Pol\u00edtica de Uso de Cookies.<\/p>\n<h3><strong>\u00bfQu\u00e9 es una cookie?<\/strong><\/h3>\n<p>Las cookies son archivos que contienen peque\u00f1as cantidades de informaci\u00f3n que se descargan en el dispositivo del usuario cuando visita nuestro sitio web. La finalidad principal de las cookies es reconocer al usuario cada vez que accede al sitio web, permitiendo mejorar su calidad y usabilidad (mediante identificadores que no permiten identificarlo con persona f\u00edsica alguna). Las cookies son esenciales para el funcionamiento de internet. No pueden da\u00f1ar el equipo o dispositivo del usuario y si se encuentran activadas en la configuraci\u00f3n de su navegador, nos ayudan a identificar y resolver posibles errores de funcionamiento de nuestro sitio web.<\/p>\n<h3><strong>\u00bfQu\u00e9 tipos de cookies utiliza esta web?<\/strong><\/h3>\n<p>Nuestro sitio web utiliza cookies propias y de terceros.<\/p>\n<p>Las cookies propias son aquellas que \u00a0\u00a0 LETSGO ENTERTAINMENT, S.L env\u00eda a tu dispositivo.<\/p>\n<ul>\n<li>Las cookies de terceros son aquellas que se env\u00edan a tu equipo dispositivo por otras entidades, por ejemplo, las usadas por redes sociales o por complementos externos de contenido.<\/li>\n<\/ul>\n<p>A su vez, las cookies pueden clasificarse en tipos, seg\u00fan su funci\u00f3n, o su finalidad (categor\u00edas).<\/p>\n<h3><strong>Seg\u00fan su funci\u00f3n, existen diversos tipos de cookies, como, por ejemplo:<\/strong><\/h3>\n<ul>\n<li>Cookies de Sesi\u00f3n: Estas cookies duran solamente lo que la visita al sitio web y se borran cuando el usuario cierra el navegador. Su finalidad principal es identificar el tipo de dispositivo, apoyar la seguridad o su funcionalidad b\u00e1sica. No contienen informaci\u00f3n personal que permita identificar a una persona.<\/li>\n<\/ul>\n<ul>\n<li>Cookies Persistentes o Permanentes: Se almacenan en el disco duro del dispositivo y el sitio web las lee cada vez que el usuario realiza una nueva visita al mismo. Poseen una fecha de caducidad o expiraci\u00f3n determinada, cumplida la cual la cookie deja de funcionar. Permiten identificar las acciones y preferencias del usuario, analizar las visitas y ayudan a comprender c\u00f3mo llegan los usuarios al sitio web y mejorar los servicios ofrecidos por el mismo.<\/li>\n<\/ul>\n<ul>\n<li>Cookies de Funcionalidad: Permiten recordar decisiones adoptadas por el usuario, como su login o identificador. La informaci\u00f3n de estas cookies es an\u00f3nima (es decir, no contiene nombre, direcci\u00f3n u otros datos personales).<\/li>\n<\/ul>\n<ul>\n<li>Cookies de An\u00e1lisis: Son cookies que tienen por finalidad el mantenimiento peri\u00f3dico y garantizar el mejor funcionamiento y servicio al usuario, recopilando datos de su actividad como usuario (tiempo de espera de conexi\u00f3n, identificador de sesi\u00f3n, etc.).<\/li>\n<\/ul>\n<p>Seg\u00fan su finalidad, existen diversos tipos de cookies, como, por ejemplo:<\/p>\n<ul>\n<li><strong>Cookies T\u00e9cnicas: <\/strong>Las cookies t\u00e9cnicas o necesarias son esenciales para que nuestra web pueda funcionar correctamente e incluye funcionalidades b\u00e1sicas como identificar la sesi\u00f3n o dar acceso a los usuarios registrados a zonas de acceso restringido. Por estos motivos las cookies t\u00e9cnicas no se pueden desactivar.<\/li>\n<\/ul>\n<ul>\n<li><strong>Cookies de Estad\u00edsticas: <\/strong>Utilizamos cookies de tipo estad\u00edstico para ver como interact\u00faas con la p\u00e1gina web, reuniendo informaci\u00f3n an\u00f3nima durante el tiempo que navegas por ella. La finalidad de recabar esta informaci\u00f3n es la de introducir mejoras en la web en funci\u00f3n del an\u00e1lisis de los datos agregados.<\/li>\n<\/ul>\n<ul>\n<li><strong>Cookies de Marketing: <\/strong>Las cookies de marketing o publicitarias se utilizan para analizar tu comportamiento mientras visitas la p\u00e1gina web y poder ofrecerte publicidad personalizada y relevante atendiendo a tu perfil.<\/li>\n<\/ul>\n<p>A continuaci\u00f3n, informamos detalladamente al usuario sobre las cookies propias y de terceros que pueden instalarse desde nuestro sitio web junto con una breve descripci\u00f3n, y plazo que permanecen en tu terminal, as\u00ed como una indicaci\u00f3n del responsable de la cookie cuando esta provenga de un tercero distinto a LETSGO COMPANY<\/p>\n<h3><strong>En funci\u00f3n de la navegaci\u00f3n del usuario pueden instalarse todas o solo algunas de las cookies.<\/strong><\/h3>\n<p><strong>\u00bfC\u00f3mo se puede permitir o bloquear las cookies?<\/strong><\/p>\n<p>Al acceder al sitio web, se muestra un aviso de cookies en el que se informa del modo en que puede prestar o rechazar su consentimiento a instalar las cookies. El usuario en cualquier momento podr\u00e1 rechazar o configurar el uso de cookies a trav\u00e9s de la pantalla de configuraci\u00f3n.<\/p>\n<p>Asimismo, el usuario tiene la posibilidad de configurar su navegador para deshabilitar o eliminar, en cualquier momento, las cookies, o borrar tus datos de navegaci\u00f3n.<\/p>\n<p>A continuaci\u00f3n, te facilitamos informaci\u00f3n sobre los principales navegadores, pero en caso de duda consulta el men\u00fa de ayuda de tu navegador:<\/p>\n<ul>\n<li><a href=\"https:\/\/support.google.com\/chrome\/answer\/95647?hl=es\">Configuraci\u00f3n de cookies para Google Chrome<\/a><\/li>\n<li><a href=\"https:\/\/support.mozilla.org\/es\/kb\/cookies-informacion-que-los-sitios-web-guardan-en-?redirectlocale=en-US&amp;redirectslug=Cookies\">Configuraci\u00f3n de cookies para Mozilla Firefox<\/a><\/li>\n<li><a href=\"https:\/\/support.microsoft.com\/es-es\/help\/278835\/how-to-delete-cookie-files-in-internet-explorer\">Configuraci\u00f3n de cookies para Internet Explorer<\/a><\/li>\n<li><a href=\"https:\/\/support.apple.com\/es-es\/HT201265\">Configuraci\u00f3n de cookies para Safari<\/a><\/li>\n<li><a href=\"https:\/\/support.microsoft.com\/es-es\/microsoft-edge\/eliminar-las-cookies-en-microsoft-edge-63947406-40ac-c3b8-57b9-2a946a29ae09#:~:text=%20Eliminar%20las%20cookies%20en%20Microsoft%20Edge%20,Cookies%20y%20otros%20datos%20del%20sitio.%20More%20\">Configuraci\u00f3n de cookies en Microsoft Edge<\/a><\/li>\n<\/ul>\n<p>Si tu navegador no se encuentra entre los anteriores, consulta las opciones que ofrece tu navegador.<\/p>\n<p>Te recordamos que puedes utilizar el modo de navegaci\u00f3n privada en tu navegador, evitando que queden guardados el historial de navegaci\u00f3n y las cookies.<\/p>\n<p>Adem\u00e1s, Google ofrece un complemento para su navegador Chrome, para evitar el uso de Google Analytics. Puedes descargarlo en el siguiente enlace:\u00a0<a href=\"https:\/\/tools.google.com\/dlpage\/gaoptout?hl=None\">https:\/\/tools.google.com\/dlpage\/gaoptout?hl=None<\/a><\/p>\n<p>El sitio web tambi\u00e9n usa cookies en dispositivos m\u00f3viles. Puedes modificar las opciones de privacidad de tu dispositivo accediendo a los siguientes enlaces, donde se ofrecen instrucciones para gestionar tus preferencias<\/p>\n<p><a href=\"http:\/\/goo.gl\/61xevS\">IOS<\/a>\u00a0|\u00a0<a href=\"http:\/\/goo.gl\/Rx8QQ\">Windows Phone<\/a>\u00a0|\u00a0<a href=\"http:\/\/goo.gl\/XJp7N\">Chrome Mobile<\/a>\u00a0|\u00a0<a href=\"http:\/\/goo.gl\/Nzr8s7\">Opera Mobile<\/a><\/p>\n<p>Recuerda que si desactiva las cookies ciertas funciones pueden no estar disponibles.<\/p>\n<p><strong>Actualizaci\u00f3n y cambios en la Pol\u00edtica de Cookies<\/strong><\/p>\n<p>Esta Pol\u00edtica de Cookies podr\u00e1 ser actualizada en funci\u00f3n de exigencias legislativas, reglamentarias, o con la finalidad de adaptar dicha pol\u00edtica a las instrucciones dictadas por la Autoridad de Protecci\u00f3n de Datos. Cuando se produzcan cambios significativos en esta Pol\u00edtica de Cookies se comunicar\u00e1 al usuario, o bien mediante un aviso informativo en el sitio web, o bien a trav\u00e9s de correo electr\u00f3nico para los usuarios registrados.<\/p>\n<p><strong>Elaboraci\u00f3n de perfiles<\/strong><\/p>\n<p>Utilizamos cookies de terceros que permiten la elaboraci\u00f3n de perfiles para poder realizar publicidad personalizada basada en dicho perfil. Puedes informarte sobre este aspecto en las pol\u00edticas de los terceros (ver los enlaces facilitados en el apartado \u00abQu\u00e9 tipos de cookies utiliza esta web\u00bb).<\/p>\n<p><strong>Transferencias a terceros pa\u00edses<\/strong><\/p>\n<p>Puedes informarte de las transferencias a terceros pa\u00edses que, en su caso, realizan los terceros identificados en esta pol\u00edtica de cookies en sus correspondientes pol\u00edticas (ver los enlaces facilitados en el apartado \u00abQu\u00e9 tipos de cookies utiliza esta web\u00bb).<\/p>\n<p><strong>M\u00e1s informaci\u00f3n<\/strong><\/p>\n<p>Si desea obtener m\u00e1s informaci\u00f3n, por favor acceda a nuestra <a href=\"https:\/\/www.letsgocompany.com\/es\/politica-privacidad\/\" target=\"_blank\" rel=\"noopener\"><u>Pol\u00edtica de Privacidad<\/u><\/a> o p\u00f3ngase en contacto con nosotros a trav\u00e9s de los datos que figuran al inicio.<\/p>\n<p>Si desea m\u00e1s informaci\u00f3n sobre qu\u00e9 uso hacemos de las cookies, puede enviarnos un e-mail a\u00a0<a href=\"mailto:privacidad@letsgocompany.com\">privacidad@letsgocompany.com<\/a>.<\/p>\n<p><strong>\u00a9 Junio 2024 LETSGO ENTERTAINMENT, S.L. Todos los derechos reservados.<\/strong><\/p>\n<p>[\/et_pb_text][\/et_pb_column][\/et_pb_row][\/et_pb_section]<\/p>\n","protected":false},"excerpt":{"rendered":"<p>1\u00ba CAPA Primera capa informativa Este sitio web utiliza cookies para hacer posible su uso, el de los servicios que se ofrecen en el mismo, as\u00ed como para entender c\u00f3mo interact\u00faan nuestros usuarios y analizar su comportamiento para poder mostrar publicidad relacionada con sus preferencias en base a un perfil elaborado a partir de sus [&hellip;]<\/p>\n","protected":false},"author":10,"featured_media":0,"parent":0,"menu_order":0,"comment_status":"closed","ping_status":"open","template":"","meta":{"_acf_changed":false,"_et_pb_use_builder":"on","_et_pb_old_content":"<!-- wp:heading -->\r\n<h3><strong>POL\u00cdTICA DE PRIVACIDAD LETSGO COMPANY<\/strong><\/h3>\r\n<p><strong><u>Responsable del Tratamiento: <\/u><\/strong><\/p>\r\n<p>Datos de contacto del Responsable del Tratamiento:<\/p>\r\n<ul>\r\n<li>LETSGO ENTERTAINMENT, S.L. con CIF B95888335; y domicilio en Santa Engracia 31, 7\u00aa planta, CP 28010 de Madrid<\/li>\r\n<li>Contacto Delegado de Protecci\u00f3n de Datos: <a href=\"mailto:privacidad@letsgocompany.com\">privacidad@letsgocompany.com<\/a>.<\/li>\r\n<\/ul>\r\n<p><strong><u>Datos:<\/u><\/strong><\/p>\r\n<p>\u00bfQu\u00e9 datos tratamos? Para cumplir las finalidades descritas a continuaci\u00f3n, tratamos datos identificativos (nombre y apellidos) y datos de contacto (email, tel\u00e9fono y direcci\u00f3n postal).<\/p>\r\n<p><strong><u>Finalidades:<\/u><\/strong><\/p>\r\n<p>\u00bfCon que finalidad tratamos tus datos? Tus datos ser\u00e1n objeto de tratamiento para:<\/p>\r\n<ul>\r\n<li>Gestionar y atender solicitudes de consulta, informaci\u00f3n, quejas y reclamaciones as\u00ed como las peticiones de registro que pueda tener disponible la web y en la que decidas voluntariamente inscribirte.<\/li>\r\n<li>Enviar, incluso por medios electr\u00f3nicos, comunicaciones comerciales con ofertas, descuentos, acciones promocionales diversas, as\u00ed como informaci\u00f3n de eventos y espect\u00e1culos promovidos por ambos corresponsables;<\/li>\r\n<\/ul>\r\n<p><strong><u>Duraci\u00f3n:<\/u><\/strong><\/p>\r\n<p>\u00bfDurante qu\u00e9 plazo tratamos sus datos?<\/p>\r\n<ul>\r\n<li>Trataremos tus datos desde el momento en el que formalices tu registro en los apartados de\u201dContrataci\u00f3n\u201d, \u201cAudiciones\u201d o cualquier otro en el que participes y hasta el momento en el que decidas darte de baja o cancelar tu suscripci\u00f3n.<\/li>\r\n<li>Los datos recabados para atender solicitudes de consulta, informaci\u00f3n, quejas y reclamaciones ser\u00e1n tratados durante el tiempo necesario para su gesti\u00f3n.<\/li>\r\n<\/ul>\r\n<p>Finalizado el tratamiento, los datos ser\u00e1n conservados por los plazos de prescripci\u00f3n de las obligaciones que puedan derivar del mismo.<\/p>\r\n<p><strong><u>Legitimaci\u00f3n: <\/u><\/strong><\/p>\r\n<p>Las bases legales para el tratamiento de tus datos son el consentimiento y el cumplimiento de obligaciones legales.<\/p>\r\n<p><strong><u>Destinatarios: <\/u><\/strong><\/p>\r\n<p>Los datos ser\u00e1n comunicados a las siguientes sociedades:<\/p>\r\n<p><u>LETSGO THEATRE&ENTERTAINMENT ENTERPRISE S.L<br \/><\/u>C\/Las Mercedes 25, 5\u00ba piso dep 4.<br \/>48930 Getxo, Vizcaya<br \/>CIF: B-95972816<\/p>\r\n<p><u>KOLFER ENTERPRISE S.L <br \/><\/u>Las Mercedes 25, 5\u00aa planta, dept. 4. 48930 Getxo\/ Bizkaia.<br \/>B-02956951<\/p>\r\n<p>para el env\u00edo por cualquiera de ellas, incluso por medios electr\u00f3nicos, de comunicaciones comerciales con ofertas, descuentos, acciones promocionales diversas as\u00ed como informaci\u00f3n de eventos y espect\u00e1culos promovidos desde las empresas Lets Go Company (www.letsgocompany.com).<\/p>\r\n<p>Puede ejercitar sus derechos de acceso, rectificaci\u00f3n, supresi\u00f3n, oposici\u00f3n o limitaci\u00f3n del tratamiento, as\u00ed como solicitar la portabilidad de sus datos, remitiendo una comunicaci\u00f3n escrita al responsable del Tratamiento a trav\u00e9s de los datos de contacto arriba indicados.<\/p>\r\n<p>Si no deseas recibir comunicaciones comerciales de los Corresponsables del Tratamiento, puedes manifestar tu oposici\u00f3n o solicitar la baja en cualquier momento, remitiendo una solicitud a la direcci\u00f3n <a href=\"mailto:privacidad@letsgocompany.com\">privacidad@letsgocompany.com<\/a>. Igualmente, en cada comunicaci\u00f3n comercial que recibas por medios electr\u00f3nicos, dispondr\u00e1s de un mecanismo para darte de baja o cancelar tu suscripci\u00f3n.<\/p>\r\n<p>Los usuarios tienen derecho a presentar una reclamaci\u00f3n ante la Agencia Espa\u00f1ola de Protecci\u00f3n de Datos (<a href=\"http:\/\/www.aepd.es\">www.aepd.es<\/a>) cuando consideren que el tratamiento de sus datos personales infringe la normativa aplicable.<\/p>\r\n<p>Utilizamos cookies propias y de terceros para hacer posible el uso del Sitio Web y de los servicios ofrecidos, as\u00ed como para entender c\u00f3mo interact\u00faan nuestros usuarios con el Sitio Web y analizar su comportamiento para poder mostrar publicidad relacionada con sus preferencias en base a un perfil elaborado a partir de sus h\u00e1bitos de navegaci\u00f3n, seg\u00fan se detalla en nuestra Pol\u00edtica de Cookies accesible en el correspondiente apartado de nuestra web.<\/p>\r\n<p><strong>\u00a9 Junio 2024 LETSGO ENTERTAINMENT, S.L. Todos los derechos reservados.<\/strong><\/p>\r\n<!-- \/wp:paragraph -->","_et_gb_content_width":"","footnotes":""},"class_list":["post-2861","page","type-page","status-publish","hentry"],"acf":[],"yoast_head":"<!-- This site is optimized with the Yoast SEO plugin v27.0 - https:\/\/yoast.com\/product\/yoast-seo-wordpress\/ -->\n<title>Pol\u00edtica de cookies - LetsGo<\/title>\n<meta name=\"robots\" content=\"index, follow, max-snippet:-1, max-image-preview:large, max-video-preview:-1\" \/>\n<link rel=\"canonical\" href=\"https:\/\/www.letsgocompany.com\/es\/politica-de-cookies\/\" \/>\n<meta property=\"og:locale\" content=\"es_ES\" \/>\n<meta property=\"og:type\" content=\"article\" \/>\n<meta property=\"og:title\" content=\"Pol\u00edtica de cookies - LetsGo\" \/>\n<meta property=\"og:description\" content=\"1\u00ba CAPA Primera capa informativa Este sitio web utiliza cookies para hacer posible su uso, el de los servicios que se ofrecen en el mismo, as\u00ed como para entender c\u00f3mo interact\u00faan nuestros usuarios y analizar su comportamiento para poder mostrar publicidad relacionada con sus preferencias en base a un perfil elaborado a partir de sus [&hellip;]\" \/>\n<meta property=\"og:site_name\" content=\"LetsGo\" \/>\n<meta property=\"article:modified_time\" content=\"2024-06-21T13:01:50+00:00\" \/>\n<meta name=\"twitter:card\" content=\"summary_large_image\" \/>\n<meta name=\"twitter:label1\" content=\"Tiempo de lectura\" \/>\n\t<meta name=\"twitter:data1\" content=\"6 minutos\" \/>\n<script type=\"application\/ld+json\" class=\"yoast-schema-graph\">{\"@context\":\"https:\/\/schema.org\",\"@graph\":[{\"@type\":\"WebPage\",\"@id\":\"https:\/\/www.letsgocompany.com\/es\/politica-de-cookies\/\",\"url\":\"https:\/\/www.letsgocompany.com\/es\/politica-de-cookies\/\",\"name\":\"Pol\u00edtica de cookies - LetsGo\",\"isPartOf\":{\"@id\":\"https:\/\/www.letsgocompany.com\/es\/#website\"},\"datePublished\":\"2024-06-21T13:00:34+00:00\",\"dateModified\":\"2024-06-21T13:01:50+00:00\",\"breadcrumb\":{\"@id\":\"https:\/\/www.letsgocompany.com\/es\/politica-de-cookies\/#breadcrumb\"},\"inLanguage\":\"es\",\"potentialAction\":[{\"@type\":\"ReadAction\",\"target\":[\"https:\/\/www.letsgocompany.com\/es\/politica-de-cookies\/\"]}]},{\"@type\":\"BreadcrumbList\",\"@id\":\"https:\/\/www.letsgocompany.com\/es\/politica-de-cookies\/#breadcrumb\",\"itemListElement\":[{\"@type\":\"ListItem\",\"position\":1,\"name\":\"Portada\",\"item\":\"https:\/\/www.letsgocompany.com\/es\/\"},{\"@type\":\"ListItem\",\"position\":2,\"name\":\"Pol\u00edtica de cookies\"}]},{\"@type\":\"WebSite\",\"@id\":\"https:\/\/www.letsgocompany.com\/es\/#website\",\"url\":\"https:\/\/www.letsgocompany.com\/es\/\",\"name\":\"LetsGo\",\"description\":\"\",\"potentialAction\":[{\"@type\":\"SearchAction\",\"target\":{\"@type\":\"EntryPoint\",\"urlTemplate\":\"https:\/\/www.letsgocompany.com\/es\/?s={search_term_string}\"},\"query-input\":{\"@type\":\"PropertyValueSpecification\",\"valueRequired\":true,\"valueName\":\"search_term_string\"}}],\"inLanguage\":\"es\"}]}<\/script>\n<!-- \/ Yoast SEO plugin. -->","yoast_head_json":{"title":"Pol\u00edtica de cookies - LetsGo","robots":{"index":"index","follow":"follow","max-snippet":"max-snippet:-1","max-image-preview":"max-image-preview:large","max-video-preview":"max-video-preview:-1"},"canonical":"https:\/\/www.letsgocompany.com\/es\/politica-de-cookies\/","og_locale":"es_ES","og_type":"article","og_title":"Pol\u00edtica de cookies - LetsGo","og_description":"1\u00ba CAPA Primera capa informativa Este sitio web utiliza cookies para hacer posible su uso, el de los servicios que se ofrecen en el mismo, as\u00ed como para entender c\u00f3mo interact\u00faan nuestros usuarios y analizar su comportamiento para poder mostrar publicidad relacionada con sus preferencias en base a un perfil elaborado a partir de sus [&hellip;]","og_site_name":"LetsGo","article_modified_time":"2024-06-21T13:01:50+00:00","twitter_card":"summary_large_image","twitter_misc":{"Tiempo de lectura":"6 minutos"},"schema":{"@context":"https:\/\/schema.org","@graph":[{"@type":"WebPage","@id":"https:\/\/www.letsgocompany.com\/es\/politica-de-cookies\/","url":"https:\/\/www.letsgocompany.com\/es\/politica-de-cookies\/","name":"Pol\u00edtica de cookies - LetsGo","isPartOf":{"@id":"https:\/\/www.letsgocompany.com\/es\/#website"},"datePublished":"2024-06-21T13:00:34+00:00","dateModified":"2024-06-21T13:01:50+00:00","breadcrumb":{"@id":"https:\/\/www.letsgocompany.com\/es\/politica-de-cookies\/#breadcrumb"},"inLanguage":"es","potentialAction":[{"@type":"ReadAction","target":["https:\/\/www.letsgocompany.com\/es\/politica-de-cookies\/"]}]},{"@type":"BreadcrumbList","@id":"https:\/\/www.letsgocompany.com\/es\/politica-de-cookies\/#breadcrumb","itemListElement":[{"@type":"ListItem","position":1,"name":"Portada","item":"https:\/\/www.letsgocompany.com\/es\/"},{"@type":"ListItem","position":2,"name":"Pol\u00edtica de cookies"}]},{"@type":"WebSite","@id":"https:\/\/www.letsgocompany.com\/es\/#website","url":"https:\/\/www.letsgocompany.com\/es\/","name":"LetsGo","description":"","potentialAction":[{"@type":"SearchAction","target":{"@type":"EntryPoint","urlTemplate":"https:\/\/www.letsgocompany.com\/es\/?s={search_term_string}"},"query-input":{"@type":"PropertyValueSpecification","valueRequired":true,"valueName":"search_term_string"}}],"inLanguage":"es"}]}},"_links":{"self":[{"href":"https:\/\/www.letsgocompany.com\/es\/wp-json\/wp\/v2\/pages\/2861","targetHints":{"allow":["GET"]}}],"collection":[{"href":"https:\/\/www.letsgocompany.com\/es\/wp-json\/wp\/v2\/pages"}],"about":[{"href":"https:\/\/www.letsgocompany.com\/es\/wp-json\/wp\/v2\/types\/page"}],"author":[{"embeddable":true,"href":"https:\/\/www.letsgocompany.com\/es\/wp-json\/wp\/v2\/users\/10"}],"replies":[{"embeddable":true,"href":"https:\/\/www.letsgocompany.com\/es\/wp-json\/wp\/v2\/comments?post=2861"}],"version-history":[{"count":0,"href":"https:\/\/www.letsgocompany.com\/es\/wp-json\/wp\/v2\/pages\/2861\/revisions"}],"wp:attachment":[{"href":"https:\/\/www.letsgocompany.com\/es\/wp-json\/wp\/v2\/media?parent=2861"}],"curies":[{"name":"wp","href":"https:\/\/api.w.org\/{rel}","templated":true}]}}