{"id":205,"date":"2024-02-17T16:04:36","date_gmt":"2024-02-17T15:04:36","guid":{"rendered":"https:\/\/www.letsgocompany.com\/?page_id=205"},"modified":"2024-02-19T13:04:43","modified_gmt":"2024-02-19T12:04:43","slug":"que-hacemos","status":"publish","type":"page","link":"https:\/\/www.letsgocompany.com\/es\/que-hacemos\/","title":{"rendered":"Qu\u00e9 hacemos"},"content":{"rendered":"<p>[et_pb_section fb_built=\u00bb1&#8243; admin_label=\u00bbV\u00eddeo\u00bb _builder_version=\u00bb4.24.1&#8243; _module_preset=\u00bbdefault\u00bb background_color=\u00bb#000000&#8243; custom_css_free_form=\u00bbselector{padding:0 !important;}\u00bb locked=\u00bboff\u00bb collapsed=\u00bbon\u00bb global_colors_info=\u00bb{}\u00bb][et_pb_row _builder_version=\u00bb4.24.1&#8243; _module_preset=\u00bbdefault\u00bb custom_css_free_form=\u00bbselector{padding:0 !important;}\t\u00bb global_colors_info=\u00bb{}\u00bb][et_pb_column type=\u00bb4_4&#8243; _builder_version=\u00bb4.24.1&#8243; _module_preset=\u00bbdefault\u00bb global_colors_info=\u00bb{}\u00bb][et_pb_code admin_label=\u00bbYoutube iFrame\u00bb _builder_version=\u00bb4.24.1&#8243; _module_preset=\u00bbdefault\u00bb custom_css_free_form=\u00bbselector{padding: 0 !important;}||selector iframe{max-height:650px;}\u00bb global_colors_info=\u00bb{}\u00bb]<iframe loading=\"lazy\" width=\"560\" height=\"315\" src=\"https:\/\/www.youtube.com\/embed\/Z1gsX6S9gOI?si=uQwN3yr9cHhPGZlS&#038;rel=0&#038;autoplay=1&#038;mute=1\" title=\"YouTube video player\" frameborder=\"0\" allow=\"accelerometer; autoplay; clipboard-write; encrypted-media; gyroscope; picture-in-picture; web-share\" allowfullscreen><\/iframe>[\/et_pb_code][\/et_pb_column][\/et_pb_row][\/et_pb_section][et_pb_section fb_built=\u00bb1&#8243; admin_label=\u00bbQu\u00e9 hacemos\u00bb _builder_version=\u00bb4.24.1&#8243; _module_preset=\u00bbdefault\u00bb background_color=\u00bb#1a2023&#8243; custom_padding=\u00bb||||false|false\u00bb collapsed=\u00bboff\u00bb global_colors_info=\u00bb{}\u00bb][et_pb_row _builder_version=\u00bb4.24.1&#8243; _module_preset=\u00bbdefault\u00bb custom_padding=\u00bb0px||0px||true|false\u00bb global_colors_info=\u00bb{}\u00bb][et_pb_column type=\u00bb4_4&#8243; admin_label=\u00bbColumna\u00bb _builder_version=\u00bb4.24.1&#8243; _module_preset=\u00bbdefault\u00bb global_colors_info=\u00bb{}\u00bb][et_pb_text admin_label=\u00bbT\u00edtulo\u00bb _builder_version=\u00bb4.24.1&#8243; _module_preset=\u00bbdefault\u00bb text_text_color=\u00bb#fffefe\u00bb header_3_font=\u00bb|700|||||||\u00bb header_3_font_size=\u00bb40px\u00bb global_colors_info=\u00bb{}\u00bb]<\/p>\n<h3>Qu\u00e9 hacemos<\/h3>\n<p>[\/et_pb_text][et_pb_text admin_label=\u00bbTexto\u00bb _builder_version=\u00bb4.24.1&#8243; _module_preset=\u00bbdefault\u00bb text_text_color=\u00bb#C8CDD0&#8243; custom_margin=\u00bb50px||50px||true|false\u00bb custom_css_free_form=\u00bbselector span{color:#F2CF73}\u00bb global_colors_info=\u00bb{}\u00bb]Somos l\u00edderes en la creaci\u00f3n de experiencias impactantes y memorables. Con un equipo experto en dise\u00f1o y producci\u00f3n, transformamos conceptos en exposiciones cautivadoras que cautivan y emocionan a nuestro p\u00fablico.[\/et_pb_text][et_pb_blog fullwidth=\u00bboff\u00bb include_categories=\u00bb7&#8243; use_manual_excerpt=\u00bboff\u00bb show_author=\u00bboff\u00bb show_date=\u00bboff\u00bb show_categories=\u00bboff\u00bb show_excerpt=\u00bboff\u00bb show_pagination=\u00bboff\u00bb masonry_tile_background_color=\u00bb#000000&#8243; _builder_version=\u00bb4.24.1&#8243; _module_preset=\u00bbdefault\u00bb header_font=\u00bb|700|||||||\u00bb header_font_size=\u00bb40px\u00bb read_more_font=\u00bb||||on||||\u00bb text_orientation=\u00bbcenter\u00bb hover_enabled=\u00bb0&#8243; custom_css_free_form=\u00bbselector article{position:relative;}||selector .entry-title{position:absolute; top:0;left:0;width:100% !important; padding:20px; background: rgb(0,0,0);||background: linear-gradient(0deg, rgba(0,0,0,0) 0%, rgba(0,0,0,.5) 100%);min-height:40%}||selector .et_pb_image_container{margin:-20px -20px}||selector .et_pb_post .entry-featured-image-url{margin-bottom:0;}||selector .post-content{position: absolute;padding: 20px;width: 100%;top: 28%;left: 0;}\u00bb border_width_all=\u00bb0px\u00bb box_shadow_style=\u00bbpreset1&#8243; box_shadow_color_last_edited=\u00bboff|desktop\u00bb global_colors_info=\u00bb{}\u00bb box_shadow_color__hover_enabled=\u00bbon|hover\u00bb box_shadow_color__hover=\u00bb#F2CF73&#8243; show_more=\u00bbon\u00bb sticky_enabled=\u00bb0&#8243;][\/et_pb_blog][\/et_pb_column][\/et_pb_row][\/et_pb_section]<\/p>\n","protected":false},"excerpt":{"rendered":"<p>Qu\u00e9 hacemosSomos l\u00edderes en la creaci\u00f3n de experiencias impactantes y memorables. Con un equipo experto en dise\u00f1o y producci\u00f3n, transformamos conceptos en exposiciones cautivadoras que cautivan y emocionan a nuestro p\u00fablico.<\/p>\n","protected":false},"author":10,"featured_media":0,"parent":0,"menu_order":0,"comment_status":"closed","ping_status":"closed","template":"","meta":{"_acf_changed":false,"_et_pb_use_builder":"on","_et_pb_old_content":"","_et_gb_content_width":"","footnotes":""},"class_list":["post-205","page","type-page","status-publish","hentry"],"acf":[],"yoast_head":"<!-- This site is optimized with the Yoast SEO plugin v27.0 - https:\/\/yoast.com\/product\/yoast-seo-wordpress\/ -->\n<title>Qu\u00e9 hacemos - LetsGo<\/title>\n<meta name=\"robots\" content=\"index, follow, max-snippet:-1, max-image-preview:large, max-video-preview:-1\" \/>\n<link rel=\"canonical\" href=\"https:\/\/www.letsgocompany.com\/es\/que-hacemos\/\" \/>\n<meta property=\"og:locale\" content=\"es_ES\" \/>\n<meta property=\"og:type\" content=\"article\" \/>\n<meta property=\"og:title\" content=\"Qu\u00e9 hacemos - LetsGo\" \/>\n<meta property=\"og:description\" content=\"Qu\u00e9 hacemosSomos l\u00edderes en la creaci\u00f3n de experiencias impactantes y memorables. Con un equipo experto en dise\u00f1o y producci\u00f3n, transformamos conceptos en exposiciones cautivadoras que cautivan y emocionan a nuestro p\u00fablico.\" \/>\n<meta property=\"og:site_name\" content=\"LetsGo\" \/>\n<meta property=\"article:modified_time\" content=\"2024-02-19T12:04:43+00:00\" \/>\n<meta name=\"twitter:card\" content=\"summary_large_image\" \/>\n<meta name=\"twitter:label1\" content=\"Tiempo de lectura\" \/>\n\t<meta name=\"twitter:data1\" content=\"2 minutos\" \/>\n<script type=\"application\/ld+json\" class=\"yoast-schema-graph\">{\"@context\":\"https:\/\/schema.org\",\"@graph\":[{\"@type\":\"WebPage\",\"@id\":\"https:\/\/www.letsgocompany.com\/es\/que-hacemos\/\",\"url\":\"https:\/\/www.letsgocompany.com\/es\/que-hacemos\/\",\"name\":\"Qu\u00e9 hacemos - LetsGo\",\"isPartOf\":{\"@id\":\"https:\/\/www.letsgocompany.com\/es\/#website\"},\"datePublished\":\"2024-02-17T15:04:36+00:00\",\"dateModified\":\"2024-02-19T12:04:43+00:00\",\"breadcrumb\":{\"@id\":\"https:\/\/www.letsgocompany.com\/es\/que-hacemos\/#breadcrumb\"},\"inLanguage\":\"es\",\"potentialAction\":[{\"@type\":\"ReadAction\",\"target\":[\"https:\/\/www.letsgocompany.com\/es\/que-hacemos\/\"]}]},{\"@type\":\"BreadcrumbList\",\"@id\":\"https:\/\/www.letsgocompany.com\/es\/que-hacemos\/#breadcrumb\",\"itemListElement\":[{\"@type\":\"ListItem\",\"position\":1,\"name\":\"Portada\",\"item\":\"https:\/\/www.letsgocompany.com\/es\/\"},{\"@type\":\"ListItem\",\"position\":2,\"name\":\"Qu\u00e9 hacemos\"}]},{\"@type\":\"WebSite\",\"@id\":\"https:\/\/www.letsgocompany.com\/es\/#website\",\"url\":\"https:\/\/www.letsgocompany.com\/es\/\",\"name\":\"LetsGo\",\"description\":\"\",\"potentialAction\":[{\"@type\":\"SearchAction\",\"target\":{\"@type\":\"EntryPoint\",\"urlTemplate\":\"https:\/\/www.letsgocompany.com\/es\/?s={search_term_string}\"},\"query-input\":{\"@type\":\"PropertyValueSpecification\",\"valueRequired\":true,\"valueName\":\"search_term_string\"}}],\"inLanguage\":\"es\"}]}<\/script>\n<!-- \/ Yoast SEO plugin. -->","yoast_head_json":{"title":"Qu\u00e9 hacemos - LetsGo","robots":{"index":"index","follow":"follow","max-snippet":"max-snippet:-1","max-image-preview":"max-image-preview:large","max-video-preview":"max-video-preview:-1"},"canonical":"https:\/\/www.letsgocompany.com\/es\/que-hacemos\/","og_locale":"es_ES","og_type":"article","og_title":"Qu\u00e9 hacemos - LetsGo","og_description":"Qu\u00e9 hacemosSomos l\u00edderes en la creaci\u00f3n de experiencias impactantes y memorables. Con un equipo experto en dise\u00f1o y producci\u00f3n, transformamos conceptos en exposiciones cautivadoras que cautivan y emocionan a nuestro p\u00fablico.","og_site_name":"LetsGo","article_modified_time":"2024-02-19T12:04:43+00:00","twitter_card":"summary_large_image","twitter_misc":{"Tiempo de lectura":"2 minutos"},"schema":{"@context":"https:\/\/schema.org","@graph":[{"@type":"WebPage","@id":"https:\/\/www.letsgocompany.com\/es\/que-hacemos\/","url":"https:\/\/www.letsgocompany.com\/es\/que-hacemos\/","name":"Qu\u00e9 hacemos - LetsGo","isPartOf":{"@id":"https:\/\/www.letsgocompany.com\/es\/#website"},"datePublished":"2024-02-17T15:04:36+00:00","dateModified":"2024-02-19T12:04:43+00:00","breadcrumb":{"@id":"https:\/\/www.letsgocompany.com\/es\/que-hacemos\/#breadcrumb"},"inLanguage":"es","potentialAction":[{"@type":"ReadAction","target":["https:\/\/www.letsgocompany.com\/es\/que-hacemos\/"]}]},{"@type":"BreadcrumbList","@id":"https:\/\/www.letsgocompany.com\/es\/que-hacemos\/#breadcrumb","itemListElement":[{"@type":"ListItem","position":1,"name":"Portada","item":"https:\/\/www.letsgocompany.com\/es\/"},{"@type":"ListItem","position":2,"name":"Qu\u00e9 hacemos"}]},{"@type":"WebSite","@id":"https:\/\/www.letsgocompany.com\/es\/#website","url":"https:\/\/www.letsgocompany.com\/es\/","name":"LetsGo","description":"","potentialAction":[{"@type":"SearchAction","target":{"@type":"EntryPoint","urlTemplate":"https:\/\/www.letsgocompany.com\/es\/?s={search_term_string}"},"query-input":{"@type":"PropertyValueSpecification","valueRequired":true,"valueName":"search_term_string"}}],"inLanguage":"es"}]}},"_links":{"self":[{"href":"https:\/\/www.letsgocompany.com\/es\/wp-json\/wp\/v2\/pages\/205","targetHints":{"allow":["GET"]}}],"collection":[{"href":"https:\/\/www.letsgocompany.com\/es\/wp-json\/wp\/v2\/pages"}],"about":[{"href":"https:\/\/www.letsgocompany.com\/es\/wp-json\/wp\/v2\/types\/page"}],"author":[{"embeddable":true,"href":"https:\/\/www.letsgocompany.com\/es\/wp-json\/wp\/v2\/users\/10"}],"replies":[{"embeddable":true,"href":"https:\/\/www.letsgocompany.com\/es\/wp-json\/wp\/v2\/comments?post=205"}],"version-history":[{"count":0,"href":"https:\/\/www.letsgocompany.com\/es\/wp-json\/wp\/v2\/pages\/205\/revisions"}],"wp:attachment":[{"href":"https:\/\/www.letsgocompany.com\/es\/wp-json\/wp\/v2\/media?parent=205"}],"curies":[{"name":"wp","href":"https:\/\/api.w.org\/{rel}","templated":true}]}}